{"id":2129,"date":"2024-06-16T01:25:58","date_gmt":"2024-06-16T01:25:58","guid":{"rendered":"https:\/\/fragrancedumonde.com\/?post_type=product&#038;p=2129"},"modified":"2024-07-20T00:53:06","modified_gmt":"2024-07-20T00:53:06","slug":"car-diffuser","status":"publish","type":"product","link":"https:\/\/fragrancedumonde.com\/de\/produkt\/car-diffuser\/","title":{"rendered":"Auto-Diffusor"},"content":{"rendered":"<body><p><\/p>\n<h4 style=\"text-align: center;\">Wesentliche Merkmale<\/h4>\n<p style=\"text-align: center;\"><strong>Branchenspezifische Attribute<\/strong><\/p>\n<table class=\"aligncenter\" style=\"border-collapse: collapse; width: 606.77pt;\" border=\"0\" width=\"1618\" cellspacing=\"0\" cellpadding=\"0\">\n<tbody>\n<tr style=\"height: 15.75pt;\">\n<td class=\"et2\" style=\"height: 15.75pt; width: 303.40pt;\" width=\"809\" height=\"42\">Inhalt des Wirkstoffs<\/td>\n<td style=\"width: 303.40pt;\" width=\"809\">15-30%<\/td>\n<\/tr>\n<\/tbody>\n<\/table>\n<p style=\"text-align: center;\"><strong>Andere Attribute<\/strong><\/p>\n<table class=\"aligncenter\" style=\"border-collapse: collapse; width: 606.77pt;\" border=\"0\" width=\"1618\" cellspacing=\"0\" cellpadding=\"0\">\n<tbody>\n<tr style=\"height: 15.75pt;\">\n<td style=\"height: 15.75pt; width: 303.40pt;\" width=\"809\" height=\"42\">Ort der Herkunft<\/td>\n<td style=\"width: 303.40pt;\" width=\"809\">China<\/td>\n<\/tr>\n<tr style=\"height: 15.75pt;\">\n<td style=\"height: 15.75pt;\" height=\"42\">Typ<\/td>\n<td>Lufterfrischer<\/td>\n<\/tr>\n<tr style=\"height: 15.75pt;\">\n<td style=\"height: 15.75pt;\" height=\"42\">Verwendung von Lufterfrischern<\/td>\n<td>Haus\/Hotel\/Auto\/B\u00fcro...<\/td>\n<\/tr>\n<tr style=\"height: 15.75pt;\">\n<td style=\"height: 15.75pt;\" height=\"42\">Form<\/td>\n<td>Fl\u00fcssig<\/td>\n<\/tr>\n<tr style=\"height: 15.75pt;\">\n<td style=\"height: 15.75pt;\" height=\"42\">Merkmal<\/td>\n<td>Nachhaltig, auf Vorrat<\/td>\n<\/tr>\n<tr style=\"height: 15.75pt;\">\n<td style=\"height: 15.75pt;\" height=\"42\">Markenname<\/td>\n<td>OEM\/ODM<\/td>\n<\/tr>\n<tr style=\"height: 15.75pt;\">\n<td style=\"height: 15.75pt;\" height=\"42\">Parf\u00fcm<\/td>\n<td>Lavendel, Pfirsich, Osmanthus, Wei\u00dfer Tee, Gardenie<\/td>\n<\/tr>\n<tr style=\"height: 15.75pt;\">\n<td style=\"height: 15.75pt;\" height=\"42\">Dienst<\/td>\n<td>Kundenspezifisches Logo&amp;Verpackung akzeptabel<\/td>\n<\/tr>\n<\/tbody>\n<\/table>\n<p style=\"text-align: center;\" data-spm-anchor-id=\"a2700.details.0.i70.247d58cdR5hape\"><strong>Verpackung und Lieferung<\/strong><\/p>\n<table class=\"aligncenter\" style=\"border-collapse: collapse; width: 606.77pt;\" border=\"0\" width=\"1618\" cellspacing=\"0\" cellpadding=\"0\">\n<tbody>\n<tr style=\"height: 15.75pt;\">\n<td style=\"height: 15.75pt; width: 303.40pt;\" width=\"809\" height=\"42\">Verkaufen von Einheiten:<\/td>\n<td style=\"width: 303.40pt;\" width=\"809\">Einzelnes Element<\/td>\n<\/tr>\n<tr style=\"height: 15.75pt;\">\n<td style=\"height: 15.75pt;\" height=\"42\">Gr\u00f6\u00dfe der Einzelverpackung:<\/td>\n<td>8X8X10 cm<\/td>\n<\/tr>\n<tr style=\"height: 15.75pt;\">\n<td style=\"height: 15.75pt;\" height=\"42\">Einfaches Bruttogewicht:<\/td>\n<td>1.000 kg<\/td>\n<\/tr>\n<\/tbody>\n<\/table>\n<p style=\"text-align: center;\"><strong>Vorlaufzeit<\/strong><\/p>\n<table class=\"aligncenter\" style=\"border-collapse: collapse; width: 809px; height: 112px;\" border=\"0\" width=\"2155\" cellspacing=\"0\" cellpadding=\"0\">\n<tbody>\n<tr style=\"height: 15.75pt;\">\n<td class=\"et2\" style=\"height: 15.75pt; width: 303.40pt;\" width=\"809\" height=\"42\">Menge (St\u00fcck)<\/td>\n<td class=\"et2\" style=\"width: 303.40pt;\" width=\"809\">1 - 10000<\/td>\n<td class=\"et2\" style=\"width: 201.40pt;\" width=\"537\">&gt; 10000<\/td>\n<\/tr>\n<tr style=\"height: 15.75pt;\">\n<td class=\"et2\" style=\"height: 15.75pt;\" height=\"42\">Vorlaufzeit (Tage)<\/td>\n<td class=\"et2\">15<\/td>\n<td class=\"et2\">Noch zu verhandeln<\/td>\n<\/tr>\n<\/tbody>\n<\/table>\n<p style=\"text-align: center;\"><strong>Beschreibung des Produkts<\/strong><\/p>\n<p>\u00a0<\/p>\n<table class=\"aligncenter\" style=\"border-collapse: collapse; width: 606.77pt;\" border=\"0\" width=\"1618\" cellspacing=\"0\" cellpadding=\"0\">\n<tbody>\n<tr style=\"height: 15.75pt;\">\n<td class=\"et2\" style=\"height: 15.75pt; width: 303.40pt;\" width=\"809\" height=\"42\"><span class=\"font1\">Produktname<\/span><\/td>\n<td class=\"et2\" style=\"width: 303.40pt;\" width=\"809\"><span class=\"font1\">Aromatherapie-Diffusor<\/span><\/td>\n<\/tr>\n<tr style=\"height: 26.25pt;\">\n<td class=\"et2\" style=\"height: 26.25pt; width: 303.40pt;\" width=\"809\" height=\"70\"><span class=\"font1\">Parf\u00fcm<\/span><\/td>\n<td class=\"et2\" style=\"width: 303.40pt;\" width=\"809\"><span class=\"font1\">Lavendel, Pfirsich, Osmanthus, Wei\u00dfer Tee, Gardenie, Blaue Glockenblume...<\/span><\/td>\n<\/tr>\n<tr style=\"height: 15.75pt;\">\n<td class=\"et2\" style=\"height: 15.75pt; width: 303.40pt;\" width=\"809\" height=\"42\"><span class=\"font1\">Verwendung von Lufterfrischern<\/span><\/td>\n<td class=\"et2\" style=\"width: 303.40pt;\" width=\"809\"><span class=\"font1\">Haus\/Hotel\/B\u00fcro\/Auto...<\/span><\/td>\n<\/tr>\n<tr style=\"height: 15.75pt;\">\n<td class=\"et2\" style=\"height: 15.75pt; width: 303.40pt;\" width=\"809\" height=\"42\"><span class=\"font1\">Form<\/span><\/td>\n<td class=\"et2\" style=\"width: 303.40pt;\" width=\"809\"><span class=\"font1\">Fl\u00fcssig<\/span><\/td>\n<\/tr>\n<tr style=\"height: 15.75pt;\">\n<td class=\"et2\" style=\"height: 15.75pt; width: 303.40pt;\" width=\"809\" height=\"42\"><span class=\"font1\">Merkmal<\/span><\/td>\n<td class=\"et2\" style=\"width: 303.40pt;\" width=\"809\"><span class=\"font1\">Nachhaltig, auf Vorrat<\/span><\/td>\n<\/tr>\n<tr style=\"height: 15.75pt;\">\n<td class=\"et2\" style=\"height: 15.75pt; width: 303.40pt;\" width=\"809\" height=\"42\"><span class=\"font1\">Ort der Herkunft<\/span><\/td>\n<td class=\"et2\" style=\"width: 303.40pt;\" width=\"809\"><span class=\"font1\">China<\/span><\/td>\n<\/tr>\n<tr style=\"height: 15.75pt;\">\n<td class=\"et2\" style=\"height: 15.75pt; width: 303.40pt;\" width=\"809\" height=\"42\"><span class=\"font1\">Markenname<\/span><\/td>\n<td class=\"et2\" style=\"width: 303.40pt;\" width=\"809\"><span class=\"font1\">OEM&amp;ODM<\/span><\/td>\n<\/tr>\n<\/tbody>\n<\/table>\n<p style=\"text-align: center;\"><strong>Aromatherapie-Diffusor:<\/strong><\/p>\n<p style=\"text-align: center;\">Formaldehydfrei;<br>\nSicherheit und Gesundheit, SGS versichert Inhalationssicherheit;<br>\nSchwermetallfrei;<br>\nViele beliebte D\u00fcfte f\u00fcr Sie zur Auswahl. OEM&amp;ODM akzeptabel.<br>\nVerschiedene D\u00fcfte verf\u00fcgbar. Wenn Sie mehr D\u00fcfte ben\u00f6tigen, wenden Sie sich bitte an unseren Vertrieb \ud83d\ude42 .<\/p>\n<p><img loading=\"lazy\" decoding=\"async\" class=\"size-full wp-image-2804 aligncenter\" src=\"https:\/\/fragrancedumonde.com\/wp-content\/uploads\/2024\/06\/Detailed-description.jpg\" alt=\"Detailed description\" width=\"750\" height=\"440\" srcset=\"https:\/\/fragrancedumonde.com\/wp-content\/uploads\/2024\/06\/Detailed-description.jpg 750w, https:\/\/fragrancedumonde.com\/wp-content\/uploads\/2024\/06\/Detailed-description-300x176.jpg 300w, https:\/\/fragrancedumonde.com\/wp-content\/uploads\/2024\/06\/Detailed-description-500x293.jpg 500w\" sizes=\"auto, (max-width: 750px) 100vw, 750px\" \/><\/p>\n<\/body>","protected":false},"excerpt":{"rendered":"<p>Key attributes Industry-specific attributes Active ingredient content 15-30% Other attributes Place of Origin China Type Air Fresheners Air Freshener Use Home\/Hotel\/Car\/Office\u2026 Shape Liquid Feature Sustainable, Stocked Brand Name OEM\/ODM Fragrance Lavender,Peach, Osmanthus, White Tea, Gardenia Service Custom Logo&amp;package acceptable Packaging and delivery Selling Units: Single item Single package size: 8X8X10 cm Single gross weight: 1.000 [&hellip;]<\/p>","protected":false},"featured_media":2531,"comment_status":"closed","ping_status":"closed","template":"","meta":{"_eb_attr":"","om_disable_all_campaigns":false,"site-sidebar-layout":"default","site-content-layout":"","ast-site-content-layout":"default","site-content-style":"default","site-sidebar-style":"default","ast-global-header-display":"","ast-banner-title-visibility":"","ast-main-header-display":"","ast-hfb-above-header-display":"","ast-hfb-below-header-display":"","ast-hfb-mobile-header-display":"","site-post-title":"","ast-breadcrumbs-content":"","ast-featured-img":"","footer-sml-layout":"","ast-disable-related-posts":"","theme-transparent-header-meta":"default","adv-header-id-meta":"","stick-header-meta":"","header-above-stick-meta":"","header-main-stick-meta":"","header-below-stick-meta":"","astra-migrate-meta-layouts":"set","ast-page-background-enabled":"default","ast-page-background-meta":{"desktop":{"background-color":"","background-image":"","background-repeat":"repeat","background-position":"center center","background-size":"auto","background-attachment":"scroll","background-type":"","background-media":"","overlay-type":"","overlay-color":"","overlay-opacity":"","overlay-gradient":""},"tablet":{"background-color":"","background-image":"","background-repeat":"repeat","background-position":"center center","background-size":"auto","background-attachment":"scroll","background-type":"","background-media":"","overlay-type":"","overlay-color":"","overlay-opacity":"","overlay-gradient":""},"mobile":{"background-color":"","background-image":"","background-repeat":"repeat","background-position":"center center","background-size":"auto","background-attachment":"scroll","background-type":"","background-media":"","overlay-type":"","overlay-color":"","overlay-opacity":"","overlay-gradient":""}},"ast-content-background-meta":{"desktop":{"background-color":"var(--ast-global-color-5)","background-image":"","background-repeat":"repeat","background-position":"center center","background-size":"auto","background-attachment":"scroll","background-type":"","background-media":"","overlay-type":"","overlay-color":"","overlay-opacity":"","overlay-gradient":""},"tablet":{"background-color":"var(--ast-global-color-5)","background-image":"","background-repeat":"repeat","background-position":"center center","background-size":"auto","background-attachment":"scroll","background-type":"","background-media":"","overlay-type":"","overlay-color":"","overlay-opacity":"","overlay-gradient":""},"mobile":{"background-color":"var(--ast-global-color-5)","background-image":"","background-repeat":"repeat","background-position":"center center","background-size":"auto","background-attachment":"scroll","background-type":"","background-media":"","overlay-type":"","overlay-color":"","overlay-opacity":"","overlay-gradient":""}}},"product_brand":[],"product_cat":[22],"product_tag":[26],"class_list":{"0":"post-2129","1":"product","2":"type-product","3":"status-publish","4":"has-post-thumbnail","6":"product_cat-car-diffuser","7":"product_tag-hot","8":"desktop-align-left","9":"tablet-align-left","10":"mobile-align-left","12":"first","13":"instock","14":"shipping-taxable","15":"product-type-simple"},"jetpack_sharing_enabled":true,"_links":{"self":[{"href":"https:\/\/fragrancedumonde.com\/de\/wp-json\/wp\/v2\/product\/2129","targetHints":{"allow":["GET"]}}],"collection":[{"href":"https:\/\/fragrancedumonde.com\/de\/wp-json\/wp\/v2\/product"}],"about":[{"href":"https:\/\/fragrancedumonde.com\/de\/wp-json\/wp\/v2\/types\/product"}],"replies":[{"embeddable":true,"href":"https:\/\/fragrancedumonde.com\/de\/wp-json\/wp\/v2\/comments?post=2129"}],"wp:featuredmedia":[{"embeddable":true,"href":"https:\/\/fragrancedumonde.com\/de\/wp-json\/wp\/v2\/media\/2531"}],"wp:attachment":[{"href":"https:\/\/fragrancedumonde.com\/de\/wp-json\/wp\/v2\/media?parent=2129"}],"wp:term":[{"taxonomy":"product_brand","embeddable":true,"href":"https:\/\/fragrancedumonde.com\/de\/wp-json\/wp\/v2\/product_brand?post=2129"},{"taxonomy":"product_cat","embeddable":true,"href":"https:\/\/fragrancedumonde.com\/de\/wp-json\/wp\/v2\/product_cat?post=2129"},{"taxonomy":"product_tag","embeddable":true,"href":"https:\/\/fragrancedumonde.com\/de\/wp-json\/wp\/v2\/product_tag?post=2129"}],"curies":[{"name":"wp","href":"https:\/\/api.w.org\/{rel}","templated":true}]}}