{"id":1363,"date":"2024-06-11T02:01:56","date_gmt":"2024-06-11T02:01:56","guid":{"rendered":"https:\/\/fragrancedumonde.com\/services\/"},"modified":"2024-07-04T23:33:15","modified_gmt":"2024-07-04T23:33:15","slug":"faq","status":"publish","type":"page","link":"https:\/\/fragrancedumonde.com\/fr\/faq\/","title":{"rendered":"FAQ"},"content":{"rendered":"<body>\t\t<div data-elementor-type=\"wp-post\" data-elementor-id=\"1363\" class=\"elementor elementor-1363\" data-elementor-post-type=\"page\">\n\t\t\t\t<div class=\"elementor-element elementor-element-7e1aeef e-flex e-con-boxed e-con e-parent\" data-id=\"7e1aeef\" data-element_type=\"container\" data-e-type=\"container\" data-settings='{\"background_background\":\"classic\",\"shape_divider_bottom\":\"waves\"}'>\n\t\t\t\t\t<div class=\"e-con-inner\">\n\t\t\t\t<div class=\"elementor-shape elementor-shape-bottom\" aria-hidden=\"true\" data-negative=\"false\">\n\t\t\t<svg xmlns=\"http:\/\/www.w3.org\/2000\/svg\" viewbox=\"0 0 1000 100\" preserveaspectratio=\"none\">\n\t<path class=\"elementor-shape-fill\" d=\"M421.9,6.5c22.6-2.5,51.5,0.4,75.5,5.3c23.6,4.9,70.9,23.5,100.5,35.7c75.8,32.2,133.7,44.5,192.6,49.7\tc23.6,2.1,48.7,3.5,103.4-2.5c54.7-6,106.2-25.6,106.2-25.6V0H0v30.3c0,0,72,32.6,158.4,30.5c39.2-0.7,92.8-6.7,134-22.4\tc21.2-8.1,52.2-18.2,79.7-24.2C399.3,7.9,411.6,7.5,421.9,6.5z\"><\/path>\n<\/svg>\t\t<\/div>\n\t\t<div class=\"elementor-element elementor-element-1ad65e5 e-con-full e-flex e-con e-child\" data-id=\"1ad65e5\" data-element_type=\"container\" data-e-type=\"container\">\n\t\t\t\t<div class=\"elementor-element elementor-element-7a97903 elementor-widget elementor-widget-heading\" data-id=\"7a97903\" data-element_type=\"widget\" data-e-type=\"widget\" data-widget_type=\"heading.default\">\n\t\t\t\t<div class=\"elementor-widget-container\">\n\t\t\t\t\t<h1 class=\"elementor-heading-title elementor-size-default\">FAQ<\/h1>\t\t\t\t<\/div>\n\t\t\t\t<\/div>\n\t\t\t\t<\/div>\n\t\t\t\t\t<\/div>\n\t\t\t\t<\/div>\n\t\t<div class=\"elementor-element elementor-element-9e11351 e-flex e-con-boxed e-con e-parent\" data-id=\"9e11351\" data-element_type=\"container\" data-e-type=\"container\">\n\t\t\t\t\t<div class=\"e-con-inner\">\n\t\t\t\t<div class=\"elementor-element elementor-element-45fefe3 elementor-widget elementor-widget-woocommerce-breadcrumb\" data-id=\"45fefe3\" data-element_type=\"widget\" data-e-type=\"widget\" data-widget_type=\"woocommerce-breadcrumb.default\">\n\t\t\t\t<div class=\"elementor-widget-container\">\n\t\t\t\t\t<nav class=\"woocommerce-breadcrumb\" aria-label=\"Breadcrumb\" data-no-translation=\"\" data-trp-gettext=\"\">Accueil<\/nav>\t\t\t\t<\/div>\n\t\t\t\t<\/div>\n\t\t\t\t\t<\/div>\n\t\t\t\t<\/div>\n\t\t<div class=\"elementor-element elementor-element-704f61e e-flex e-con-boxed e-con e-parent\" data-id=\"704f61e\" data-element_type=\"container\" data-e-type=\"container\">\n\t\t\t\t\t<div class=\"e-con-inner\">\n\t\t\t\t<div class=\"elementor-element elementor-element-b4895ff elementor-widget elementor-widget-heading\" data-id=\"b4895ff\" data-element_type=\"widget\" data-e-type=\"widget\" data-widget_type=\"heading.default\">\n\t\t\t\t<div class=\"elementor-widget-container\">\n\t\t\t\t\t<h5 class=\"elementor-heading-title elementor-size-default\">Q Pouvez-vous personnaliser notre propre marque ou LOGO ?<\/h5>\t\t\t\t<\/div>\n\t\t\t\t<\/div>\n\t\t\t\t<div class=\"elementor-element elementor-element-9d237b7 elementor-widget elementor-widget-text-editor\" data-id=\"9d237b7\" data-element_type=\"widget\" data-e-type=\"widget\" data-widget_type=\"text-editor.default\">\n\t\t\t\t<div class=\"elementor-widget-container\">\n\t\t\t\t\t\t\t\t\t<p><strong>A<\/strong>\u00a0 Oui, les OEM\/ODM sont les bienvenus. Notre \u00e9quipe professionnelle d\u00e9veloppera et produira les produits selon vos exigences sp\u00e9cifiques.<\/p>\t\t\t\t\t\t\t\t<\/div>\n\t\t\t\t<\/div>\n\t\t\t\t<div class=\"elementor-element elementor-element-2c65b70 elementor-widget elementor-widget-heading\" data-id=\"2c65b70\" data-element_type=\"widget\" data-e-type=\"widget\" data-widget_type=\"heading.default\">\n\t\t\t\t<div class=\"elementor-widget-container\">\n\t\t\t\t\t<h5 class=\"elementor-heading-title elementor-size-default\">Q Puis-je obtenir des \u00e9chantillons pour les tester avant de passer une commande importante ?<\/h5>\t\t\t\t<\/div>\n\t\t\t\t<\/div>\n\t\t\t\t<div class=\"elementor-element elementor-element-fda3dce elementor-widget elementor-widget-text-editor\" data-id=\"fda3dce\" data-element_type=\"widget\" data-e-type=\"widget\" data-widget_type=\"text-editor.default\">\n\t\t\t\t<div class=\"elementor-widget-container\">\n\t\t\t\t\t\t\t\t\t<p><strong>A\u00a0 \u00a0<\/strong>Oui, des \u00e9chantillons sont disponibles. Ils peuvent \u00eatre gratuits.\u00a0<\/p>\t\t\t\t\t\t\t\t<\/div>\n\t\t\t\t<\/div>\n\t\t\t\t<div class=\"elementor-element elementor-element-3075679 elementor-widget elementor-widget-heading\" data-id=\"3075679\" data-element_type=\"widget\" data-e-type=\"widget\" data-widget_type=\"heading.default\">\n\t\t\t\t<div class=\"elementor-widget-container\">\n\t\t\t\t\t<h5 class=\"elementor-heading-title elementor-size-default\">Q Quels sont les modes d'exp\u00e9dition disponibles et comment effectuer le suivi ?<\/h5>\t\t\t\t<\/div>\n\t\t\t\t<\/div>\n\t\t\t\t<div class=\"elementor-element elementor-element-6237f81 elementor-widget elementor-widget-text-editor\" data-id=\"6237f81\" data-element_type=\"widget\" data-e-type=\"widget\" data-widget_type=\"text-editor.default\">\n\t\t\t\t<div class=\"elementor-widget-container\">\n\t\t\t\t\t\t\t\t\t<p><strong>A\u00a0<\/strong> Les marchandises peuvent \u00eatre envoy\u00e9es par voie maritime ou a\u00e9rienne. Nous disposons de ressources logistiques importantes et pouvons transporter les marchandises rapidement et en toute s\u00e9curit\u00e9 jusqu'\u00e0 votre port ou votre porte.<br>Lorsque la commande est exp\u00e9di\u00e9e, nous vous fournissons le num\u00e9ro de suivi et le site web de suivi, ce qui vous permet de conna\u00eetre rapidement et clairement l'\u00e9tat de la marchandise.<\/p>\t\t\t\t\t\t\t\t<\/div>\n\t\t\t\t<\/div>\n\t\t\t\t<div class=\"elementor-element elementor-element-56f89d2 elementor-widget elementor-widget-heading\" data-id=\"56f89d2\" data-element_type=\"widget\" data-e-type=\"widget\" data-widget_type=\"heading.default\">\n\t\t\t\t<div class=\"elementor-widget-container\">\n\t\t\t\t\t<h5 class=\"elementor-heading-title elementor-size-default\">Q Quels sont les d\u00e9lais de paiement et les prix acceptables ?<\/h5>\t\t\t\t<\/div>\n\t\t\t\t<\/div>\n\t\t\t\t<div class=\"elementor-element elementor-element-14bb24c elementor-widget elementor-widget-text-editor\" data-id=\"14bb24c\" data-element_type=\"widget\" data-e-type=\"widget\" data-widget_type=\"text-editor.default\">\n\t\t\t\t<div class=\"elementor-widget-container\">\n\t\t\t\t\t\t\t\t\t<p><strong>A<\/strong>\u00a0 \u00a0Conditions de paiement : Devise, T\/T, Paypal, Western Union, MoneyGram, Visa, L\/C...<br>\u00a0 \u00a0 \u00a0Conditions de prix : EXW, FOB, CFR, CIF, DDP...<\/p>\t\t\t\t\t\t\t\t<\/div>\n\t\t\t\t<\/div>\n\t\t\t\t<div class=\"elementor-element elementor-element-6995262 elementor-widget elementor-widget-heading\" data-id=\"6995262\" data-element_type=\"widget\" data-e-type=\"widget\" data-widget_type=\"heading.default\">\n\t\t\t\t<div class=\"elementor-widget-container\">\n\t\t\t\t\t<h5 class=\"elementor-heading-title elementor-size-default\">Q Comment se passe le service apr\u00e8s-vente ?<\/h5>\t\t\t\t<\/div>\n\t\t\t\t<\/div>\n\t\t\t\t<div class=\"elementor-element elementor-element-fad7dd9 elementor-widget elementor-widget-text-editor\" data-id=\"fad7dd9\" data-element_type=\"widget\" data-e-type=\"widget\" data-widget_type=\"text-editor.default\">\n\t\t\t\t<div class=\"elementor-widget-container\">\n\t\t\t\t\t\t\t\t\t<p><strong>A<\/strong>\u00a0 Nous attachons toujours une grande importance au contr\u00f4le de l'ensemble du processus de commande, depuis les \u00e9chantillons jusqu'\u00e0 la production en s\u00e9rie, en passant par la logistique et le service apr\u00e8s-vente. Nous recherchons une coop\u00e9ration \u00e0 long terme, les bonnes ventes commencent par l'apr\u00e8s-vente, nous ch\u00e9rissons toutes les occasions de coop\u00e9rer, si vous avez des questions, n'h\u00e9sitez pas \u00e0 nous contacter !<\/p>\t\t\t\t\t\t\t\t<\/div>\n\t\t\t\t<\/div>\n\t\t\t\t\t<\/div>\n\t\t\t\t<\/div>\n\t\t\t\t<\/div>\n\t\t<\/body>","protected":false},"excerpt":{"rendered":"<p>FAQ Q Do you support customizing our own brand or LOGO? A\u00a0 Yes, OEM\/ODM is welcomed. Our professional team will develop and produce the products as your specific requirements. Q Can I get samples for testing before placing big orders? A\u00a0 \u00a0Yes, samples are available. Can be free of charges.\u00a0 Q What shipping ways are [&hellip;]<\/p>","protected":false},"author":1,"featured_media":0,"parent":0,"menu_order":0,"comment_status":"closed","ping_status":"closed","template":"","meta":{"_eb_attr":"","om_disable_all_campaigns":false,"site-sidebar-layout":"no-sidebar","site-content-layout":"page-builder","ast-site-content-layout":"full-width-container","site-content-style":"unboxed","site-sidebar-style":"unboxed","ast-global-header-display":"","ast-banner-title-visibility":"","ast-main-header-display":"","ast-hfb-above-header-display":"","ast-hfb-below-header-display":"","ast-hfb-mobile-header-display":"","site-post-title":"disabled","ast-breadcrumbs-content":"","ast-featured-img":"disabled","footer-sml-layout":"","ast-disable-related-posts":"","theme-transparent-header-meta":"disabled","adv-header-id-meta":"","stick-header-meta":"","header-above-stick-meta":"","header-main-stick-meta":"","header-below-stick-meta":"","astra-migrate-meta-layouts":"set","ast-page-background-enabled":"default","ast-page-background-meta":{"desktop":{"background-color":"","background-image":"","background-repeat":"repeat","background-position":"center center","background-size":"auto","background-attachment":"scroll","background-type":"","background-media":"","overlay-type":"","overlay-color":"","overlay-opacity":"","overlay-gradient":""},"tablet":{"background-color":"","background-image":"","background-repeat":"repeat","background-position":"center center","background-size":"auto","background-attachment":"scroll","background-type":"","background-media":"","overlay-type":"","overlay-color":"","overlay-opacity":"","overlay-gradient":""},"mobile":{"background-color":"","background-image":"","background-repeat":"repeat","background-position":"center center","background-size":"auto","background-attachment":"scroll","background-type":"","background-media":"","overlay-type":"","overlay-color":"","overlay-opacity":"","overlay-gradient":""}},"ast-content-background-meta":{"desktop":{"background-color":"var(--ast-global-color-5)","background-image":"","background-repeat":"repeat","background-position":"center center","background-size":"auto","background-attachment":"scroll","background-type":"","background-media":"","overlay-type":"","overlay-color":"","overlay-opacity":"","overlay-gradient":""},"tablet":{"background-color":"var(--ast-global-color-5)","background-image":"","background-repeat":"repeat","background-position":"center center","background-size":"auto","background-attachment":"scroll","background-type":"","background-media":"","overlay-type":"","overlay-color":"","overlay-opacity":"","overlay-gradient":""},"mobile":{"background-color":"var(--ast-global-color-5)","background-image":"","background-repeat":"repeat","background-position":"center center","background-size":"auto","background-attachment":"scroll","background-type":"","background-media":"","overlay-type":"","overlay-color":"","overlay-opacity":"","overlay-gradient":""}},"footnotes":""},"class_list":["post-1363","page","type-page","status-publish","hentry"],"jetpack_sharing_enabled":true,"_links":{"self":[{"href":"https:\/\/fragrancedumonde.com\/fr\/wp-json\/wp\/v2\/pages\/1363","targetHints":{"allow":["GET"]}}],"collection":[{"href":"https:\/\/fragrancedumonde.com\/fr\/wp-json\/wp\/v2\/pages"}],"about":[{"href":"https:\/\/fragrancedumonde.com\/fr\/wp-json\/wp\/v2\/types\/page"}],"author":[{"embeddable":true,"href":"https:\/\/fragrancedumonde.com\/fr\/wp-json\/wp\/v2\/users\/1"}],"replies":[{"embeddable":true,"href":"https:\/\/fragrancedumonde.com\/fr\/wp-json\/wp\/v2\/comments?post=1363"}],"version-history":[{"count":143,"href":"https:\/\/fragrancedumonde.com\/fr\/wp-json\/wp\/v2\/pages\/1363\/revisions"}],"predecessor-version":[{"id":2743,"href":"https:\/\/fragrancedumonde.com\/fr\/wp-json\/wp\/v2\/pages\/1363\/revisions\/2743"}],"wp:attachment":[{"href":"https:\/\/fragrancedumonde.com\/fr\/wp-json\/wp\/v2\/media?parent=1363"}],"curies":[{"name":"wp","href":"https:\/\/api.w.org\/{rel}","templated":true}]}}