{"id":2107,"date":"2024-06-16T00:55:26","date_gmt":"2024-06-16T00:55:26","guid":{"rendered":"https:\/\/fragrancedumonde.com\/?post_type=product&#038;p=2107"},"modified":"2024-07-20T00:58:23","modified_gmt":"2024-07-20T00:58:23","slug":"essential-oil","status":"publish","type":"product","link":"https:\/\/fragrancedumonde.com\/fr\/produit\/essential-oil\/","title":{"rendered":"Huile essentielle"},"content":{"rendered":"<body><p><\/p>\n<h3 id=\"key-attributes\" class=\"att-title\" style=\"text-align: center;\" data-spm-anchor-id=\"a2700.details.0.i95.664a35a46MMxG3\">Principales caract\u00e9ristiques<\/h3>\n<p style=\"text-align: center;\" data-spm-anchor-id=\"a2700.details.0.i98.664a35a46MMxG3\"><strong>Attributs sp\u00e9cifiques \u00e0 l'industrie<\/strong><\/p>\n<table class=\"aligncenter\" style=\"border-collapse: collapse; width: 808px; height: 57px;\" border=\"0\" width=\"1618\" cellspacing=\"0\" cellpadding=\"0\">\n<tbody>\n<tr style=\"height: 15.75pt;\">\n<td style=\"height: 15.75pt; width: 303.40pt;\" width=\"809\" height=\"42\">Contenu de l'ingr\u00e9dient actif<\/td>\n<td style=\"width: 303.40pt;\" width=\"809\">Au-dessus de 80% (inclus)<\/td>\n<\/tr>\n<\/tbody>\n<\/table>\n<p style=\"text-align: center;\"><strong>Autres caract\u00e9ristiques<\/strong><\/p>\n<table class=\"aligncenter\" style=\"border-collapse: collapse; width: 606.77pt;\" border=\"0\" width=\"1618\" cellspacing=\"0\" cellpadding=\"0\">\n<tbody>\n<tr style=\"height: 15.75pt;\">\n<td style=\"height: 15.75pt; width: 303.40pt;\" width=\"809\" height=\"42\">Lieu d'origine<\/td>\n<td style=\"width: 303.40pt;\" width=\"809\">Chine<\/td>\n<\/tr>\n<tr style=\"height: 15.75pt;\">\n<td style=\"height: 15.75pt;\" height=\"42\">Type<\/td>\n<td>D\u00e9sodorisants<\/td>\n<\/tr>\n<tr style=\"height: 15.75pt;\">\n<td style=\"height: 15.75pt;\" height=\"42\">Utilisation de d\u00e9sodorisants<\/td>\n<td>Home&amp;Car&amp;hotel...<\/td>\n<\/tr>\n<tr style=\"height: 15.75pt;\">\n<td style=\"height: 15.75pt;\" height=\"42\">Forme<\/td>\n<td>Liquide<\/td>\n<\/tr>\n<tr style=\"height: 15.75pt;\">\n<td style=\"height: 15.75pt;\" height=\"42\">Fonctionnalit\u00e9<\/td>\n<td>Durable, stock\u00e9<\/td>\n<\/tr>\n<tr style=\"height: 15.75pt;\">\n<td style=\"height: 15.75pt;\" height=\"42\">Nom de la marque<\/td>\n<td>Marque personnalis\u00e9e acceptable<\/td>\n<\/tr>\n<tr style=\"height: 15.75pt;\">\n<td style=\"height: 15.75pt;\" height=\"42\">Fonction<\/td>\n<td>Ajuster l'humeur et embellir l'air<\/td>\n<\/tr>\n<\/tbody>\n<\/table>\n<p style=\"text-align: center;\" data-spm-anchor-id=\"a2700.details.0.i106.664a35a46MMxG3\"><strong>Emballage et livraison<\/strong><\/p>\n<div class=\"attribute-list\">\n<div class=\"attribute-item\">\n<table class=\"aligncenter\" style=\"border-collapse: collapse; width: 606.77pt;\" border=\"0\" width=\"1618\" cellspacing=\"0\" cellpadding=\"0\">\n<tbody>\n<tr style=\"height: 15.75pt;\">\n<td style=\"height: 15.75pt; width: 303.40pt;\" width=\"809\" height=\"42\">Unit\u00e9s de vente :<\/td>\n<td style=\"width: 303.40pt;\" width=\"809\">Article unique<\/td>\n<\/tr>\n<tr style=\"height: 15.75pt;\">\n<td style=\"height: 15.75pt;\" height=\"42\">Taille de l'emballage unique :<\/td>\n<td>20X20X20 cm<\/td>\n<\/tr>\n<tr style=\"height: 15.75pt;\">\n<td style=\"height: 15.75pt;\" height=\"42\">Poids brut unique :<\/td>\n<td>0,500 kg<\/td>\n<\/tr>\n<\/tbody>\n<\/table>\n<p class=\"collapsible-title\" style=\"text-align: center;\" data-spm-anchor-id=\"a2700.details.0.i109.664a35a46MMxG3\"><strong>D\u00e9lai d'ex\u00e9cution<\/strong><\/p>\n<table class=\"aligncenter\" style=\"border-collapse: collapse; width: 607.52pt;\" border=\"0\" width=\"810\" cellspacing=\"0\" cellpadding=\"0\">\n<tbody>\n<tr style=\"height: 13.50pt;\">\n<td class=\"et2\" style=\"height: 13.5pt; width: 303.75pt; text-align: center;\" width=\"405\" height=\"18\">Quantit\u00e9 (pi\u00e8ces)<\/td>\n<td class=\"et2\" style=\"width: 303.75pt; text-align: center;\" width=\"405\">1 - 5000<\/td>\n<\/tr>\n<tr style=\"height: 13.50pt;\">\n<td class=\"et2\" style=\"height: 13.5pt; text-align: center;\" height=\"18\">D\u00e9lai d'ex\u00e9cution (jours)<\/td>\n<td class=\"et2\" style=\"text-align: center;\">25<\/td>\n<\/tr>\n<\/tbody>\n<\/table>\n<div class=\"J_module\" style=\"text-align: center;\" data-spm-anchor-id=\"a2700.details.0.i112.664a35a46MMxG3\">\n<div data-section=\"AliMagic-ftlq2s\" data-section-title=\"Product Description\"><\/div>\n<h4 id=\"ali-anchor-AliMagic-ftlq2s\" class=\"magic-3\" data-section=\"AliMagic-ftlq2s\" data-section-title=\"Product Description\"><strong>Description du produit<\/strong><\/h4>\n<div data-section=\"AliMagic-ftlq2s\" data-section-title=\"Product Description\">\n<p><strong>*Huile essentielle OEM\/ODM, peut d\u00e9velopper et produire diff\u00e9rents parfums selon les exigences des clients ;<br>\n*Extrait de plantes, lib\u00e9ration rapide, parfum de longue dur\u00e9e ;<\/strong><\/p>\n<p><strong>*Peut \u00eatre utilis\u00e9 pour diff\u00e9rentes occasions, pour la maison, la voiture, l'h\u00f4tel, etc ;<\/strong><\/p>\n<p><strong>*Clients du monde entier, Europe, Am\u00e9rique du Sud, Asie du Sud-Est, Am\u00e9rique du Nord, Asie du Nord-Est, Afrique, Moyen-Orient...<\/strong><\/p>\n<\/div>\n<div data-section=\"AliMagic-ftlq2s\" data-section-title=\"Product Description\"><img loading=\"lazy\" decoding=\"async\" class=\"wp-image-2115\" src=\"https:\/\/fragrancedumonde.com\/wp-content\/uploads\/2024\/06\/10001-4-scaled.jpg\" alt=\"\" width=\"800\" height=\"600\" srcset=\"https:\/\/fragrancedumonde.com\/wp-content\/uploads\/2024\/06\/10001-4-scaled.jpg 2560w, https:\/\/fragrancedumonde.com\/wp-content\/uploads\/2024\/06\/10001-4-300x225.jpg 300w, https:\/\/fragrancedumonde.com\/wp-content\/uploads\/2024\/06\/10001-4-1024x767.jpg 1024w, https:\/\/fragrancedumonde.com\/wp-content\/uploads\/2024\/06\/10001-4-768x576.jpg 768w, https:\/\/fragrancedumonde.com\/wp-content\/uploads\/2024\/06\/10001-4-1536x1151.jpg 1536w, https:\/\/fragrancedumonde.com\/wp-content\/uploads\/2024\/06\/10001-4-2048x1535.jpg 2048w, https:\/\/fragrancedumonde.com\/wp-content\/uploads\/2024\/06\/10001-4-500x375.jpg 500w\" sizes=\"auto, (max-width: 800px) 100vw, 800px\" \/><\/div>\n<div data-section=\"AliMagic-ftlq2s\" data-section-title=\"Product Description\"><\/div>\n<div data-section=\"AliMagic-ftlq2s\" data-section-title=\"Product Description\"><strong>*Diff\u00e9rents types de bouteilles de diff\u00e9rentes tailles pour vous permettre de choisir ;<\/strong><br>\n<strong>*L'\u00e9quipe de conception professionnelle peut personnaliser diff\u00e9rents types de bo\u00eetes et de marques priv\u00e9es en fonction de vos pr\u00e9f\u00e9rences. Bo\u00eetes normales, bo\u00eetes cadeaux...<\/strong>\n<p data-spm-anchor-id=\"a2700.pc-decorate.0.i64.4f523333wVnZtS\"><img loading=\"lazy\" decoding=\"async\" class=\"alignnone wp-image-2110\" src=\"https:\/\/fragrancedumonde.com\/wp-content\/uploads\/2024\/06\/10002-1.jpg\" alt=\"\" width=\"800\" height=\"378\" srcset=\"https:\/\/fragrancedumonde.com\/wp-content\/uploads\/2024\/06\/10002-1.jpg 2019w, https:\/\/fragrancedumonde.com\/wp-content\/uploads\/2024\/06\/10002-1-300x142.jpg 300w, https:\/\/fragrancedumonde.com\/wp-content\/uploads\/2024\/06\/10002-1-1024x483.jpg 1024w, https:\/\/fragrancedumonde.com\/wp-content\/uploads\/2024\/06\/10002-1-768x363.jpg 768w, https:\/\/fragrancedumonde.com\/wp-content\/uploads\/2024\/06\/10002-1-1536x725.jpg 1536w, https:\/\/fragrancedumonde.com\/wp-content\/uploads\/2024\/06\/10002-1-500x236.jpg 500w\" sizes=\"auto, (max-width: 800px) 100vw, 800px\" \/><\/p>\n<p data-spm-anchor-id=\"a2700.pc-decorate.0.i64.4f523333wVnZtS\"><img loading=\"lazy\" decoding=\"async\" class=\"alignnone wp-image-2111\" src=\"https:\/\/fragrancedumonde.com\/wp-content\/uploads\/2024\/06\/10003-2.jpg\" alt=\"\" width=\"800\" height=\"913\" srcset=\"https:\/\/fragrancedumonde.com\/wp-content\/uploads\/2024\/06\/10003-2.jpg 750w, https:\/\/fragrancedumonde.com\/wp-content\/uploads\/2024\/06\/10003-2-263x300.jpg 263w, https:\/\/fragrancedumonde.com\/wp-content\/uploads\/2024\/06\/10003-2-500x571.jpg 500w\" sizes=\"auto, (max-width: 800px) 100vw, 800px\" \/><\/p>\n<p data-spm-anchor-id=\"a2700.pc-decorate.0.i64.4f523333wVnZtS\">\u00a0<img loading=\"lazy\" decoding=\"async\" class=\"alignnone wp-image-2122\" src=\"https:\/\/fragrancedumonde.com\/wp-content\/uploads\/2024\/06\/10007-3.jpg\" alt=\"\" width=\"795\" height=\"1004\" srcset=\"https:\/\/fragrancedumonde.com\/wp-content\/uploads\/2024\/06\/10007-3.jpg 1284w, https:\/\/fragrancedumonde.com\/wp-content\/uploads\/2024\/06\/10007-3-238x300.jpg 238w, https:\/\/fragrancedumonde.com\/wp-content\/uploads\/2024\/06\/10007-3-811x1024.jpg 811w, https:\/\/fragrancedumonde.com\/wp-content\/uploads\/2024\/06\/10007-3-768x970.jpg 768w, https:\/\/fragrancedumonde.com\/wp-content\/uploads\/2024\/06\/10007-3-1217x1536.jpg 1217w, https:\/\/fragrancedumonde.com\/wp-content\/uploads\/2024\/06\/10007-3-500x631.jpg 500w\" sizes=\"auto, (max-width: 795px) 100vw, 795px\" \/><\/p>\n<p data-spm-anchor-id=\"a2700.pc-decorate.0.i64.4f523333wVnZtS\"><img loading=\"lazy\" decoding=\"async\" class=\"alignnone wp-image-2126\" src=\"https:\/\/fragrancedumonde.com\/wp-content\/uploads\/2024\/06\/100081.jpg\" alt=\"\" width=\"795\" height=\"1060\" srcset=\"https:\/\/fragrancedumonde.com\/wp-content\/uploads\/2024\/06\/100081.jpg 806w, https:\/\/fragrancedumonde.com\/wp-content\/uploads\/2024\/06\/100081-225x300.jpg 225w, https:\/\/fragrancedumonde.com\/wp-content\/uploads\/2024\/06\/100081-768x1023.jpg 768w, https:\/\/fragrancedumonde.com\/wp-content\/uploads\/2024\/06\/100081-500x666.jpg 500w\" sizes=\"auto, (max-width: 795px) 100vw, 795px\" \/><\/p>\n<p data-spm-anchor-id=\"a2700.pc-decorate.0.i64.4f523333wVnZtS\"><strong>Nous accordons une grande attention \u00e0 chaque d\u00e9tail, de la production au service apr\u00e8s-vente, et nous avons \u00e9tabli une coop\u00e9ration \u00e9troite avec de nombreuses soci\u00e9t\u00e9s de logistique, qui proposent toutes deux des services d'exp\u00e9dition par voie a\u00e9rienne ou maritime. Nous assurons la livraison de vos marchandises en toute s\u00e9curit\u00e9.<\/strong><\/p>\n<p data-spm-anchor-id=\"a2700.pc-decorate.0.i64.4f523333wVnZtS\"><img loading=\"lazy\" decoding=\"async\" class=\"alignnone wp-image-2804\" src=\"https:\/\/fragrancedumonde.com\/wp-content\/uploads\/2024\/06\/Detailed-description.jpg\" alt=\"Detailed description\" width=\"800\" height=\"458\"><\/p>\n<\/div>\n<\/div>\n<div class=\"J_module\" style=\"text-align: center;\"><\/div>\n<\/div>\n<\/div>\n<p><\/p>\n<\/body>","protected":false},"excerpt":{"rendered":"<p>Key attributes Industry-specific attributes Active ingredient content Above 80% (Inclusive) Other attributes Place of Origin China Type Air Fresheners Air Freshener Use Home&amp;Car&amp;hotel\u2026 Shape Liquid Feature Sustainable, Stocked Brand Name Custom brand acceptable Function Adjust mood&amp;Beautify the air Packaging and delivery Selling Units: Single item Single package size: 20X20X20 cm Single gross weight: 0.500 kg [&hellip;]<\/p>","protected":false},"featured_media":2151,"comment_status":"closed","ping_status":"closed","template":"","meta":{"_eb_attr":"","om_disable_all_campaigns":false,"site-sidebar-layout":"default","site-content-layout":"","ast-site-content-layout":"default","site-content-style":"default","site-sidebar-style":"default","ast-global-header-display":"","ast-banner-title-visibility":"","ast-main-header-display":"","ast-hfb-above-header-display":"","ast-hfb-below-header-display":"","ast-hfb-mobile-header-display":"","site-post-title":"","ast-breadcrumbs-content":"","ast-featured-img":"","footer-sml-layout":"","ast-disable-related-posts":"","theme-transparent-header-meta":"default","adv-header-id-meta":"","stick-header-meta":"","header-above-stick-meta":"","header-main-stick-meta":"","header-below-stick-meta":"","astra-migrate-meta-layouts":"set","ast-page-background-enabled":"default","ast-page-background-meta":{"desktop":{"background-color":"","background-image":"","background-repeat":"repeat","background-position":"center center","background-size":"auto","background-attachment":"scroll","background-type":"","background-media":"","overlay-type":"","overlay-color":"","overlay-opacity":"","overlay-gradient":""},"tablet":{"background-color":"","background-image":"","background-repeat":"repeat","background-position":"center center","background-size":"auto","background-attachment":"scroll","background-type":"","background-media":"","overlay-type":"","overlay-color":"","overlay-opacity":"","overlay-gradient":""},"mobile":{"background-color":"","background-image":"","background-repeat":"repeat","background-position":"center center","background-size":"auto","background-attachment":"scroll","background-type":"","background-media":"","overlay-type":"","overlay-color":"","overlay-opacity":"","overlay-gradient":""}},"ast-content-background-meta":{"desktop":{"background-color":"var(--ast-global-color-5)","background-image":"","background-repeat":"repeat","background-position":"center center","background-size":"auto","background-attachment":"scroll","background-type":"","background-media":"","overlay-type":"","overlay-color":"","overlay-opacity":"","overlay-gradient":""},"tablet":{"background-color":"var(--ast-global-color-5)","background-image":"","background-repeat":"repeat","background-position":"center center","background-size":"auto","background-attachment":"scroll","background-type":"","background-media":"","overlay-type":"","overlay-color":"","overlay-opacity":"","overlay-gradient":""},"mobile":{"background-color":"var(--ast-global-color-5)","background-image":"","background-repeat":"repeat","background-position":"center center","background-size":"auto","background-attachment":"scroll","background-type":"","background-media":"","overlay-type":"","overlay-color":"","overlay-opacity":"","overlay-gradient":""}}},"product_brand":[],"product_cat":[21],"product_tag":[26],"class_list":{"0":"post-2107","1":"product","2":"type-product","3":"status-publish","4":"has-post-thumbnail","6":"product_cat-essential-oil","7":"product_tag-hot","8":"desktop-align-left","9":"tablet-align-left","10":"mobile-align-left","12":"first","13":"instock","14":"shipping-taxable","15":"product-type-simple"},"jetpack_sharing_enabled":true,"_links":{"self":[{"href":"https:\/\/fragrancedumonde.com\/fr\/wp-json\/wp\/v2\/product\/2107","targetHints":{"allow":["GET"]}}],"collection":[{"href":"https:\/\/fragrancedumonde.com\/fr\/wp-json\/wp\/v2\/product"}],"about":[{"href":"https:\/\/fragrancedumonde.com\/fr\/wp-json\/wp\/v2\/types\/product"}],"replies":[{"embeddable":true,"href":"https:\/\/fragrancedumonde.com\/fr\/wp-json\/wp\/v2\/comments?post=2107"}],"wp:featuredmedia":[{"embeddable":true,"href":"https:\/\/fragrancedumonde.com\/fr\/wp-json\/wp\/v2\/media\/2151"}],"wp:attachment":[{"href":"https:\/\/fragrancedumonde.com\/fr\/wp-json\/wp\/v2\/media?parent=2107"}],"wp:term":[{"taxonomy":"product_brand","embeddable":true,"href":"https:\/\/fragrancedumonde.com\/fr\/wp-json\/wp\/v2\/product_brand?post=2107"},{"taxonomy":"product_cat","embeddable":true,"href":"https:\/\/fragrancedumonde.com\/fr\/wp-json\/wp\/v2\/product_cat?post=2107"},{"taxonomy":"product_tag","embeddable":true,"href":"https:\/\/fragrancedumonde.com\/fr\/wp-json\/wp\/v2\/product_tag?post=2107"}],"curies":[{"name":"wp","href":"https:\/\/api.w.org\/{rel}","templated":true}]}}