{"id":2132,"date":"2024-06-16T01:52:10","date_gmt":"2024-06-16T01:52:10","guid":{"rendered":"https:\/\/fragrancedumonde.com\/?post_type=product&#038;p=2132"},"modified":"2024-07-20T00:57:41","modified_gmt":"2024-07-20T00:57:41","slug":"gift-set","status":"publish","type":"product","link":"https:\/\/fragrancedumonde.com\/fr\/produit\/gift-set\/","title":{"rendered":"Coffret cadeau"},"content":{"rendered":"<body><p><\/p>\n<h3 id=\"key-attributes\" class=\"att-title\" style=\"text-align: center;\">Principales caract\u00e9ristiques<\/h3>\n<div class=\"attribute-info\">\n<p style=\"text-align: center;\"><strong>Attributs sp\u00e9cifiques \u00e0 l'industrie<\/strong><\/p>\n<table class=\"aligncenter\" style=\"border-collapse: collapse; width: 606.77pt;\" border=\"0\" width=\"1618\" cellspacing=\"0\" cellpadding=\"0\">\n<tbody>\n<tr style=\"height: 15.75pt;\">\n<td class=\"et2\" style=\"height: 15.75pt; width: 303.40pt;\" width=\"809\" height=\"42\"><span class=\"font1\">Contenu de l'ingr\u00e9dient actif<\/span><\/td>\n<td class=\"et2\" style=\"width: 303.40pt;\" width=\"809\"><span class=\"font1\">5%\uff08Include\uff09-15%<\/span><\/td>\n<\/tr>\n<\/tbody>\n<\/table>\n<p style=\"text-align: center;\"><strong>Autres caract\u00e9ristiques<\/strong><\/p>\n<table class=\"aligncenter\" style=\"border-collapse: collapse; width: 606.77pt;\" border=\"0\" width=\"1618\" cellspacing=\"0\" cellpadding=\"0\">\n<tbody>\n<tr style=\"height: 15.75pt;\">\n<td style=\"height: 15.75pt; width: 303.40pt;\" width=\"809\" height=\"42\">Lieu d'origine<\/td>\n<td style=\"width: 303.40pt;\" width=\"809\">\u00a0Chine<\/td>\n<\/tr>\n<tr style=\"height: 15.75pt;\">\n<td style=\"height: 15.75pt;\" height=\"42\">Type<\/td>\n<td>D\u00e9sodorisants<\/td>\n<\/tr>\n<tr style=\"height: 15.75pt;\">\n<td style=\"height: 15.75pt;\" height=\"42\">Utilisation de d\u00e9sodorisants<\/td>\n<td>Accueil<\/td>\n<\/tr>\n<tr style=\"height: 15.75pt;\">\n<td style=\"height: 15.75pt;\" height=\"42\">Forme<\/td>\n<td>Liquide<\/td>\n<\/tr>\n<tr style=\"height: 15.75pt;\">\n<td style=\"height: 15.75pt;\" height=\"42\">Fonctionnalit\u00e9<\/td>\n<td>Durable<\/td>\n<\/tr>\n<tr style=\"height: 15.75pt;\">\n<td style=\"height: 15.75pt;\" height=\"42\">Nom du produit<\/td>\n<td>Diffuseur de roseaux<\/td>\n<\/tr>\n<tr style=\"height: 15.75pt;\">\n<td style=\"height: 15.75pt;\" height=\"42\">Couleur<\/td>\n<td>Blanc<\/td>\n<\/tr>\n<tr style=\"height: 15.75pt;\">\n<td style=\"height: 15.75pt;\" height=\"42\">Logo<\/td>\n<td>Logo priv\u00e9 personnalis\u00e9<\/td>\n<\/tr>\n<tr style=\"height: 15.75pt;\">\n<td style=\"height: 15.75pt;\" height=\"42\">MOQ<\/td>\n<td>1000pcs<\/td>\n<\/tr>\n<tr style=\"height: 15.75pt;\">\n<td style=\"height: 15.75pt;\" height=\"42\">Paquet<\/td>\n<td>Paquet personnalis\u00e9<\/td>\n<\/tr>\n<tr style=\"height: 15.75pt;\">\n<td style=\"height: 15.75pt;\" height=\"42\">Utilisation<\/td>\n<td>Parfum d'ambiance<\/td>\n<\/tr>\n<\/tbody>\n<\/table>\n<p style=\"text-align: center;\"><strong>Emballage et livraison<\/strong><\/p>\n<table class=\"aligncenter\" style=\"border-collapse: collapse; width: 606.77pt;\" border=\"0\" width=\"1618\" cellspacing=\"0\" cellpadding=\"0\">\n<tbody>\n<tr style=\"height: 15.75pt;\">\n<td style=\"height: 15.75pt; width: 303.40pt;\" width=\"809\" height=\"42\">Unit\u00e9s de vente :<\/td>\n<td style=\"width: 303.40pt;\" width=\"809\">Article unique<\/td>\n<\/tr>\n<tr style=\"height: 15.75pt;\">\n<td style=\"height: 15.75pt;\" height=\"42\">Taille de l'emballage unique :<\/td>\n<td>10X10X20 cm<\/td>\n<\/tr>\n<tr style=\"height: 15.75pt;\">\n<td style=\"height: 15.75pt;\" height=\"42\">Poids brut unique :<\/td>\n<td>0,600 kg<\/td>\n<\/tr>\n<\/tbody>\n<\/table>\n<p class=\"collapsible-title\" style=\"text-align: center;\"><strong>D\u00e9lai d'ex\u00e9cution<\/strong><\/p>\n<table class=\"aligncenter\" style=\"border-collapse: collapse; width: 604.15pt;\" border=\"0\" width=\"1611\" cellspacing=\"0\" cellpadding=\"0\">\n<tbody>\n<tr style=\"height: 15.75pt;\">\n<td class=\"et2\" style=\"height: 15.75pt; width: 201.40pt;\" width=\"537\" height=\"42\">Quantit\u00e9 (pi\u00e8ces)<\/td>\n<td class=\"et2\" style=\"width: 201.40pt;\" width=\"537\">1 - 3000<\/td>\n<td class=\"et2\" style=\"width: 201.40pt;\" width=\"537\">&gt; 3000<\/td>\n<\/tr>\n<tr style=\"height: 15.75pt;\">\n<td class=\"et2\" style=\"height: 15.75pt;\" height=\"42\">D\u00e9lai d'ex\u00e9cution (jours)<\/td>\n<td class=\"et2\">30<\/td>\n<td class=\"et2\">A n\u00e9gocier<\/td>\n<\/tr>\n<\/tbody>\n<\/table>\n<div id=\"module_product_specification\">\n<div id=\"J-rich-text-description\" class=\"richtext richtext-detail rich-text-description is-magic\">\n<div id=\"detail_decorate_root\" data-magic-global=\"%7B%22bizId%22%3A2200693126464%2C%22pageId%22%3A21392826739%2C%22siteId%22%3A5005084095%7D\">\n<div class=\"J_module\">\n<p id=\"ali-anchor-AliMagic-yb4pc8\" class=\"magic-0\" style=\"text-align: center;\" data-section=\"AliMagic-yb4pc8\" data-section-title=\"Product Paramenters\" data-spm-anchor-id=\"a2700.details.0.i86.543a1ca25IuVj0\"><strong>Paramenteurs de produits<\/strong><\/p>\n<div data-section=\"AliMagic-yb4pc8\" data-section-title=\"Product Paramenters\" data-spm-anchor-id=\"a2700.details.0.i86.543a1ca25IuVj0\">\n<table class=\"aligncenter\" style=\"border-collapse: collapse; width: 606.77pt;\" border=\"0\" width=\"1618\" cellspacing=\"0\" cellpadding=\"0\">\n<tbody>\n<tr style=\"height: 15.75pt;\">\n<td class=\"et2\" style=\"height: 15.75pt; width: 303.40pt;\" width=\"809\" height=\"42\"><span class=\"font1\">Nom du parfum<\/span><\/td>\n<td class=\"et2\" style=\"width: 303.40pt;\" width=\"809\"><span class=\"font1\">ALLURE AMBR\u00c9E, BAIES M\u00c9LANG\u00c9ES<\/span><\/td>\n<\/tr>\n<tr style=\"height: 15.75pt;\">\n<td class=\"et2\" style=\"height: 15.75pt; width: 303.40pt;\" width=\"809\" height=\"42\"><span class=\"font1\">Nom de l'article<\/span><\/td>\n<td class=\"et2\" style=\"width: 303.40pt;\" width=\"809\"><span class=\"font1\">Diffuseur Reed &amp; bougie<\/span><\/td>\n<\/tr>\n<tr style=\"height: 15.75pt;\">\n<td class=\"et2\" style=\"height: 15.75pt; width: 303.40pt;\" width=\"809\" height=\"42\"><span class=\"font1\">Couleur<\/span><\/td>\n<td class=\"et2\" style=\"width: 303.40pt;\" width=\"809\"><span class=\"font1\">Blanc<\/span><\/td>\n<\/tr>\n<tr style=\"height: 15.75pt;\">\n<td class=\"et2\" style=\"height: 15.75pt; width: 303.40pt;\" width=\"809\" height=\"42\"><span class=\"font1\">Capacit\u00e9<\/span><\/td>\n<td class=\"et2\" style=\"width: 303.40pt;\" width=\"809\"><span class=\"font1\">85ml &amp; 75g*2<\/span><\/td>\n<\/tr>\n<tr style=\"height: 15.75pt;\">\n<td class=\"et2\" style=\"height: 15.75pt; width: 303.40pt;\" width=\"809\" height=\"42\"><span class=\"font1\">Utilisation de l'occasion<\/span><\/td>\n<td class=\"et2\" style=\"width: 303.40pt;\" width=\"809\"><span class=\"font1\">Maison\/Bureau\/H\u00f4tel\/Salle de bains<\/span><\/td>\n<\/tr>\n<tr style=\"height: 15.75pt;\">\n<td class=\"et2\" style=\"height: 15.75pt; width: 303.40pt;\" width=\"809\" height=\"42\"><span class=\"font1\">Services Oem<\/span><\/td>\n<td class=\"et2\" style=\"width: 303.40pt;\" width=\"809\"><span class=\"font1\">Disponible<\/span><\/td>\n<\/tr>\n<\/tbody>\n<\/table>\n<p><img loading=\"lazy\" decoding=\"async\" class=\"alignnone wp-image-2134 size-full aligncenter\" src=\"https:\/\/fragrancedumonde.com\/wp-content\/uploads\/2024\/06\/Gift-set-1.jpg\" alt=\"\" width=\"800\" height=\"800\" srcset=\"https:\/\/fragrancedumonde.com\/wp-content\/uploads\/2024\/06\/Gift-set-1.jpg 800w, https:\/\/fragrancedumonde.com\/wp-content\/uploads\/2024\/06\/Gift-set-1-300x300.jpg 300w, https:\/\/fragrancedumonde.com\/wp-content\/uploads\/2024\/06\/Gift-set-1-150x150.jpg 150w, https:\/\/fragrancedumonde.com\/wp-content\/uploads\/2024\/06\/Gift-set-1-768x768.jpg 768w, https:\/\/fragrancedumonde.com\/wp-content\/uploads\/2024\/06\/Gift-set-1-500x500.jpg 500w, https:\/\/fragrancedumonde.com\/wp-content\/uploads\/2024\/06\/Gift-set-1-100x100.jpg 100w\" sizes=\"auto, (max-width: 800px) 100vw, 800px\" \/> <img loading=\"lazy\" decoding=\"async\" class=\"alignnone wp-image-2136 size-full aligncenter\" src=\"https:\/\/fragrancedumonde.com\/wp-content\/uploads\/2024\/06\/Gift-set-3.jpg\" alt=\"\" width=\"800\" height=\"800\" srcset=\"https:\/\/fragrancedumonde.com\/wp-content\/uploads\/2024\/06\/Gift-set-3.jpg 800w, https:\/\/fragrancedumonde.com\/wp-content\/uploads\/2024\/06\/Gift-set-3-300x300.jpg 300w, https:\/\/fragrancedumonde.com\/wp-content\/uploads\/2024\/06\/Gift-set-3-150x150.jpg 150w, https:\/\/fragrancedumonde.com\/wp-content\/uploads\/2024\/06\/Gift-set-3-768x768.jpg 768w, https:\/\/fragrancedumonde.com\/wp-content\/uploads\/2024\/06\/Gift-set-3-500x500.jpg 500w, https:\/\/fragrancedumonde.com\/wp-content\/uploads\/2024\/06\/Gift-set-3-100x100.jpg 100w\" sizes=\"auto, (max-width: 800px) 100vw, 800px\" \/> <img loading=\"lazy\" decoding=\"async\" class=\"alignnone wp-image-2137 size-full aligncenter\" src=\"https:\/\/fragrancedumonde.com\/wp-content\/uploads\/2024\/06\/Gift-set-4.jpg\" alt=\"\" width=\"800\" height=\"800\" srcset=\"https:\/\/fragrancedumonde.com\/wp-content\/uploads\/2024\/06\/Gift-set-4.jpg 800w, https:\/\/fragrancedumonde.com\/wp-content\/uploads\/2024\/06\/Gift-set-4-300x300.jpg 300w, https:\/\/fragrancedumonde.com\/wp-content\/uploads\/2024\/06\/Gift-set-4-150x150.jpg 150w, https:\/\/fragrancedumonde.com\/wp-content\/uploads\/2024\/06\/Gift-set-4-768x768.jpg 768w, https:\/\/fragrancedumonde.com\/wp-content\/uploads\/2024\/06\/Gift-set-4-500x500.jpg 500w, https:\/\/fragrancedumonde.com\/wp-content\/uploads\/2024\/06\/Gift-set-4-100x100.jpg 100w\" sizes=\"auto, (max-width: 800px) 100vw, 800px\" \/> <img loading=\"lazy\" decoding=\"async\" class=\"alignnone wp-image-2138 size-full aligncenter\" src=\"https:\/\/fragrancedumonde.com\/wp-content\/uploads\/2024\/06\/Gift-set-5.jpg\" alt=\"\" width=\"800\" height=\"800\" srcset=\"https:\/\/fragrancedumonde.com\/wp-content\/uploads\/2024\/06\/Gift-set-5.jpg 800w, https:\/\/fragrancedumonde.com\/wp-content\/uploads\/2024\/06\/Gift-set-5-300x300.jpg 300w, https:\/\/fragrancedumonde.com\/wp-content\/uploads\/2024\/06\/Gift-set-5-150x150.jpg 150w, https:\/\/fragrancedumonde.com\/wp-content\/uploads\/2024\/06\/Gift-set-5-768x768.jpg 768w, https:\/\/fragrancedumonde.com\/wp-content\/uploads\/2024\/06\/Gift-set-5-500x500.jpg 500w, https:\/\/fragrancedumonde.com\/wp-content\/uploads\/2024\/06\/Gift-set-5-100x100.jpg 100w\" sizes=\"auto, (max-width: 800px) 100vw, 800px\" \/> <img loading=\"lazy\" decoding=\"async\" class=\"alignnone wp-image-2139 size-full aligncenter\" src=\"https:\/\/fragrancedumonde.com\/wp-content\/uploads\/2024\/06\/Gift-set-6.jpg\" alt=\"\" width=\"800\" height=\"800\" srcset=\"https:\/\/fragrancedumonde.com\/wp-content\/uploads\/2024\/06\/Gift-set-6.jpg 800w, https:\/\/fragrancedumonde.com\/wp-content\/uploads\/2024\/06\/Gift-set-6-300x300.jpg 300w, https:\/\/fragrancedumonde.com\/wp-content\/uploads\/2024\/06\/Gift-set-6-150x150.jpg 150w, https:\/\/fragrancedumonde.com\/wp-content\/uploads\/2024\/06\/Gift-set-6-768x768.jpg 768w, https:\/\/fragrancedumonde.com\/wp-content\/uploads\/2024\/06\/Gift-set-6-500x500.jpg 500w, https:\/\/fragrancedumonde.com\/wp-content\/uploads\/2024\/06\/Gift-set-6-100x100.jpg 100w\" sizes=\"auto, (max-width: 800px) 100vw, 800px\" \/> <img loading=\"lazy\" decoding=\"async\" class=\"alignnone wp-image-2135 size-full aligncenter\" src=\"https:\/\/fragrancedumonde.com\/wp-content\/uploads\/2024\/06\/Gift-set-2.jpg\" alt=\"\" width=\"800\" height=\"800\" srcset=\"https:\/\/fragrancedumonde.com\/wp-content\/uploads\/2024\/06\/Gift-set-2.jpg 800w, https:\/\/fragrancedumonde.com\/wp-content\/uploads\/2024\/06\/Gift-set-2-300x300.jpg 300w, https:\/\/fragrancedumonde.com\/wp-content\/uploads\/2024\/06\/Gift-set-2-150x150.jpg 150w, https:\/\/fragrancedumonde.com\/wp-content\/uploads\/2024\/06\/Gift-set-2-768x768.jpg 768w, https:\/\/fragrancedumonde.com\/wp-content\/uploads\/2024\/06\/Gift-set-2-500x500.jpg 500w, https:\/\/fragrancedumonde.com\/wp-content\/uploads\/2024\/06\/Gift-set-2-100x100.jpg 100w\" sizes=\"auto, (max-width: 800px) 100vw, 800px\" \/><\/p>\n<p><img loading=\"lazy\" decoding=\"async\" class=\"wp-image-2804 aligncenter\" src=\"https:\/\/fragrancedumonde.com\/wp-content\/uploads\/2024\/06\/Detailed-description.jpg\" alt=\"Detailed description\" width=\"800\" height=\"465\"><\/p>\n<\/div>\n<\/div>\n<\/div>\n<\/div>\n<\/div>\n<\/div>\n<p><\/p>\n<\/body>","protected":false},"excerpt":{"rendered":"<p>Key attributes Industry-specific attributes Active ingredient content 5%\uff08Include\uff09-15% Other attributes Place of Origin \u00a0China Type Air Fresheners Air Freshener Use Home Shape Liquid Feature Sustainable Product name Reed Diffuser Color White Logo Customized Private Logo MOQ 1000pcs Package Customized Package Usage Home fragrance Packaging and delivery Selling Units: Single item Single package size: 10X10X20 cm [&hellip;]<\/p>","protected":false},"featured_media":2133,"comment_status":"closed","ping_status":"closed","template":"","meta":{"_eb_attr":"","om_disable_all_campaigns":false,"site-sidebar-layout":"default","site-content-layout":"","ast-site-content-layout":"default","site-content-style":"default","site-sidebar-style":"default","ast-global-header-display":"","ast-banner-title-visibility":"","ast-main-header-display":"","ast-hfb-above-header-display":"","ast-hfb-below-header-display":"","ast-hfb-mobile-header-display":"","site-post-title":"","ast-breadcrumbs-content":"","ast-featured-img":"","footer-sml-layout":"","ast-disable-related-posts":"","theme-transparent-header-meta":"default","adv-header-id-meta":"","stick-header-meta":"","header-above-stick-meta":"","header-main-stick-meta":"","header-below-stick-meta":"","astra-migrate-meta-layouts":"set","ast-page-background-enabled":"default","ast-page-background-meta":{"desktop":{"background-color":"","background-image":"","background-repeat":"repeat","background-position":"center center","background-size":"auto","background-attachment":"scroll","background-type":"","background-media":"","overlay-type":"","overlay-color":"","overlay-opacity":"","overlay-gradient":""},"tablet":{"background-color":"","background-image":"","background-repeat":"repeat","background-position":"center center","background-size":"auto","background-attachment":"scroll","background-type":"","background-media":"","overlay-type":"","overlay-color":"","overlay-opacity":"","overlay-gradient":""},"mobile":{"background-color":"","background-image":"","background-repeat":"repeat","background-position":"center center","background-size":"auto","background-attachment":"scroll","background-type":"","background-media":"","overlay-type":"","overlay-color":"","overlay-opacity":"","overlay-gradient":""}},"ast-content-background-meta":{"desktop":{"background-color":"var(--ast-global-color-5)","background-image":"","background-repeat":"repeat","background-position":"center center","background-size":"auto","background-attachment":"scroll","background-type":"","background-media":"","overlay-type":"","overlay-color":"","overlay-opacity":"","overlay-gradient":""},"tablet":{"background-color":"var(--ast-global-color-5)","background-image":"","background-repeat":"repeat","background-position":"center center","background-size":"auto","background-attachment":"scroll","background-type":"","background-media":"","overlay-type":"","overlay-color":"","overlay-opacity":"","overlay-gradient":""},"mobile":{"background-color":"var(--ast-global-color-5)","background-image":"","background-repeat":"repeat","background-position":"center center","background-size":"auto","background-attachment":"scroll","background-type":"","background-media":"","overlay-type":"","overlay-color":"","overlay-opacity":"","overlay-gradient":""}}},"product_brand":[],"product_cat":[23],"product_tag":[26],"class_list":{"0":"post-2132","1":"product","2":"type-product","3":"status-publish","4":"has-post-thumbnail","6":"product_cat-gift-set","7":"product_tag-hot","8":"desktop-align-left","9":"tablet-align-left","10":"mobile-align-left","12":"first","13":"instock","14":"shipping-taxable","15":"product-type-simple"},"jetpack_sharing_enabled":true,"_links":{"self":[{"href":"https:\/\/fragrancedumonde.com\/fr\/wp-json\/wp\/v2\/product\/2132","targetHints":{"allow":["GET"]}}],"collection":[{"href":"https:\/\/fragrancedumonde.com\/fr\/wp-json\/wp\/v2\/product"}],"about":[{"href":"https:\/\/fragrancedumonde.com\/fr\/wp-json\/wp\/v2\/types\/product"}],"replies":[{"embeddable":true,"href":"https:\/\/fragrancedumonde.com\/fr\/wp-json\/wp\/v2\/comments?post=2132"}],"wp:featuredmedia":[{"embeddable":true,"href":"https:\/\/fragrancedumonde.com\/fr\/wp-json\/wp\/v2\/media\/2133"}],"wp:attachment":[{"href":"https:\/\/fragrancedumonde.com\/fr\/wp-json\/wp\/v2\/media?parent=2132"}],"wp:term":[{"taxonomy":"product_brand","embeddable":true,"href":"https:\/\/fragrancedumonde.com\/fr\/wp-json\/wp\/v2\/product_brand?post=2132"},{"taxonomy":"product_cat","embeddable":true,"href":"https:\/\/fragrancedumonde.com\/fr\/wp-json\/wp\/v2\/product_cat?post=2132"},{"taxonomy":"product_tag","embeddable":true,"href":"https:\/\/fragrancedumonde.com\/fr\/wp-json\/wp\/v2\/product_tag?post=2132"}],"curies":[{"name":"wp","href":"https:\/\/api.w.org\/{rel}","templated":true}]}}