{"id":2064,"date":"2024-06-14T12:07:20","date_gmt":"2024-06-14T12:07:20","guid":{"rendered":"https:\/\/fragrancedumonde.com\/?post_type=product&#038;p=2064"},"modified":"2024-07-20T01:00:57","modified_gmt":"2024-07-20T01:00:57","slug":"fragrance-reed-diffuser","status":"publish","type":"product","link":"https:\/\/fragrancedumonde.com\/pt\/produto\/fragrance-reed-diffuser\/","title":{"rendered":"Difusor de fragr\u00e2ncias em cana"},"content":{"rendered":"<body><p><\/p>\n<table class=\"aligncenter\" style=\"border-collapse: collapse; width: 606.77pt;\" border=\"0\" width=\"1618\" cellspacing=\"0\" cellpadding=\"0\">\n<tbody>\n<tr style=\"height: 25.00pt;\">\n<td class=\"et2\" style=\"height: 25.00pt; width: 606.80pt;\" colspan=\"2\" width=\"1618\" height=\"66\">\n<h4 style=\"text-align: center;\">Principais atributos<\/h4>\n<\/td>\n<\/tr>\n<tr style=\"height: 25.00pt;\">\n<td class=\"et3\" style=\"height: 25.00pt;\" colspan=\"2\" height=\"66\"><strong>Atributos espec\u00edficos do sector<\/strong><\/td>\n<\/tr>\n<tr style=\"height: 25.00pt;\">\n<td style=\"height: 25.00pt;\" height=\"66\">Conte\u00fado do ingrediente ativo<\/td>\n<td>15-30%<\/td>\n<\/tr>\n<tr style=\"height: 25.00pt;\">\n<td class=\"et2\" style=\"height: 25pt; text-align: center;\" colspan=\"2\" height=\"66\"><strong>Outros atributos<\/strong><\/td>\n<\/tr>\n<tr style=\"height: 25.00pt;\">\n<td style=\"height: 25.00pt;\" height=\"66\">Local de origem<\/td>\n<td>China<\/td>\n<\/tr>\n<tr style=\"height: 25.00pt;\">\n<td style=\"height: 25.00pt;\" height=\"66\">Tipo<\/td>\n<td>Ambientadores<\/td>\n<\/tr>\n<tr style=\"height: 25.00pt;\">\n<td style=\"height: 25.00pt;\" height=\"66\">Utiliza\u00e7\u00e3o de ambientador<\/td>\n<td>Casa\/Hotel\/Carro<\/td>\n<\/tr>\n<tr style=\"height: 25.00pt;\">\n<td style=\"height: 25.00pt;\" height=\"66\">Forma<\/td>\n<td>Garrafa quadrada<\/td>\n<\/tr>\n<tr style=\"height: 25.00pt;\">\n<td style=\"height: 25.00pt;\" height=\"66\">Carater\u00edstica<\/td>\n<td>Sustent\u00e1vel, armazenado<\/td>\n<\/tr>\n<tr style=\"height: 25.00pt;\">\n<td style=\"height: 25.00pt;\" height=\"66\">Nome da marca<\/td>\n<td>OEM\/ODM<\/td>\n<\/tr>\n<tr style=\"height: 25.00pt;\">\n<td class=\"et2\" style=\"height: 25.00pt;\" colspan=\"2\" height=\"66\"><strong>Embalagem e entrega<\/strong><\/td>\n<\/tr>\n<tr style=\"height: 25.00pt;\">\n<td style=\"height: 25.00pt;\" height=\"66\">Unidades de venda:<\/td>\n<td>Artigo \u00fanico<\/td>\n<\/tr>\n<tr style=\"height: 25.00pt;\">\n<td style=\"height: 25.00pt;\" height=\"66\">Tamanho da embalagem individual:<\/td>\n<td>13X5X20 cm<\/td>\n<\/tr>\n<tr style=\"height: 25.00pt;\">\n<td style=\"height: 25.00pt;\" height=\"66\">Peso bruto \u00fanico:<\/td>\n<td>0,390 kg<\/td>\n<\/tr>\n<\/tbody>\n<\/table>\n<p style=\"text-align: center;\"><strong>Descri\u00e7\u00e3o do produto<\/strong><\/p>\n<table class=\"aligncenter\" style=\"border-collapse: collapse; width: 808px; height: 295px;\" border=\"0\" width=\"1618\" cellspacing=\"0\" cellpadding=\"0\">\n<tbody>\n<tr style=\"height: 39.40pt;\">\n<td class=\"et2\" style=\"height: 39.40pt; width: 303.40pt;\" width=\"809\" height=\"105\"><span class=\"font1\">Nome do produto<\/span><\/td>\n<td class=\"et2\" style=\"width: 303.40pt;\" width=\"809\"><span class=\"font1\">Difusor de Aromaterapia<\/span><\/td>\n<\/tr>\n<tr style=\"height: 26.25pt;\">\n<td class=\"et3\" style=\"height: 26.25pt; width: 303.40pt;\" width=\"809\" height=\"70\"><span class=\"font1\">Fragr\u00e2ncia<\/span><\/td>\n<td class=\"et2\" style=\"width: 303.40pt;\" width=\"809\"><span class=\"font1\">Pera, Hilton, gard\u00e9nia, osmanthus, jasmim, ch\u00e1 branco, lavanda, oceano, laranja doce, campainha selvagem...<\/span><\/td>\n<\/tr>\n<tr style=\"height: 39.40pt;\">\n<td class=\"et2\" style=\"height: 39.40pt; width: 303.40pt;\" width=\"809\" height=\"105\"><span class=\"font1\">Utiliza\u00e7\u00e3o de ambientador<\/span><\/td>\n<td class=\"et2\" style=\"width: 303.40pt;\" width=\"809\"><span class=\"font1\">Home Hotel<\/span><\/td>\n<\/tr>\n<tr style=\"height: 15.75pt;\">\n<td class=\"et2\" style=\"height: 15.75pt; width: 303.40pt;\" width=\"809\" height=\"42\"><span class=\"font1\">Forma<\/span><\/td>\n<td class=\"et2\" style=\"width: 303.40pt;\" width=\"809\"><span class=\"font1\">L\u00edquido<\/span><\/td>\n<\/tr>\n<tr style=\"height: 26.25pt;\">\n<td class=\"et2\" style=\"height: 26.25pt; width: 303.40pt;\" width=\"809\" height=\"70\"><span class=\"font1\">Nome da marca<\/span><\/td>\n<td class=\"et2\" style=\"width: 303.40pt;\" width=\"809\"><span class=\"font1\">OEM&amp;ODM<\/span><\/td>\n<\/tr>\n<\/tbody>\n<\/table>\n<p style=\"text-align: center;\"><strong>Difusor de aromaterapia:<\/strong><br>\nSem formalde\u00eddo;<br>\nSeguran\u00e7a e sa\u00fade, a SGS garante a seguran\u00e7a por inala\u00e7\u00e3o;<br>\nSem metais pesados;<br>\nTamanho 100ml \/ 200ml\/ 350ml, acima de 10 fragr\u00e2ncias populares para escolher.<br>\nOEM ODM Aromas personalizados e embalagem privada s\u00e3o aceites.<\/p>\n<p><img loading=\"lazy\" decoding=\"async\" class=\"wp-image-2072 size-full aligncenter\" src=\"https:\/\/fragrancedumonde.com\/wp-content\/uploads\/2024\/06\/Fragrance-reed-diffuser-1.png\" alt=\"\" width=\"790\" height=\"719\" srcset=\"https:\/\/fragrancedumonde.com\/wp-content\/uploads\/2024\/06\/Fragrance-reed-diffuser-1.png 790w, https:\/\/fragrancedumonde.com\/wp-content\/uploads\/2024\/06\/Fragrance-reed-diffuser-1-300x273.png 300w, https:\/\/fragrancedumonde.com\/wp-content\/uploads\/2024\/06\/Fragrance-reed-diffuser-1-768x699.png 768w, https:\/\/fragrancedumonde.com\/wp-content\/uploads\/2024\/06\/Fragrance-reed-diffuser-1-500x455.png 500w\" sizes=\"auto, (max-width: 790px) 100vw, 790px\" \/><\/p>\n<p style=\"text-align: center;\">10-20\u33a1<br>\n1-2pcs<br>\n6-9meses<\/p>\n<p style=\"text-align: center;\">20-40\u33a1<br>\n2-4pcs<br>\n4-5meses<\/p>\n<p style=\"text-align: center;\">40-60\u33a1<br>\n4-6pcs<br>\n3-4meses<\/p>\n<p><img loading=\"lazy\" decoding=\"async\" class=\"wp-image-2077 aligncenter\" src=\"https:\/\/fragrancedumonde.com\/wp-content\/uploads\/2024\/06\/10001.jpg\" alt=\"\" width=\"749\" height=\"211\" srcset=\"https:\/\/fragrancedumonde.com\/wp-content\/uploads\/2024\/06\/10001.jpg 720w, https:\/\/fragrancedumonde.com\/wp-content\/uploads\/2024\/06\/10001-300x85.jpg 300w, https:\/\/fragrancedumonde.com\/wp-content\/uploads\/2024\/06\/10001-500x141.jpg 500w\" sizes=\"auto, (max-width: 749px) 100vw, 749px\" \/> <img loading=\"lazy\" decoding=\"async\" class=\"wp-image-2078 size-full aligncenter\" src=\"https:\/\/fragrancedumonde.com\/wp-content\/uploads\/2024\/06\/Fragrance-reed-diffuser-8-1.jpg\" alt=\"\" width=\"750\" height=\"1094\" srcset=\"https:\/\/fragrancedumonde.com\/wp-content\/uploads\/2024\/06\/Fragrance-reed-diffuser-8-1.jpg 750w, https:\/\/fragrancedumonde.com\/wp-content\/uploads\/2024\/06\/Fragrance-reed-diffuser-8-1-206x300.jpg 206w, https:\/\/fragrancedumonde.com\/wp-content\/uploads\/2024\/06\/Fragrance-reed-diffuser-8-1-702x1024.jpg 702w, https:\/\/fragrancedumonde.com\/wp-content\/uploads\/2024\/06\/Fragrance-reed-diffuser-8-1-500x729.jpg 500w\" sizes=\"auto, (max-width: 750px) 100vw, 750px\" \/><\/p>\n<p><img loading=\"lazy\" decoding=\"async\" class=\"wp-image-2079 size-full aligncenter\" src=\"https:\/\/fragrancedumonde.com\/wp-content\/uploads\/2024\/06\/eb0a43b4-d25f-48a2-bc83-7d0925828ef0.jpg\" alt=\"\" width=\"750\" height=\"1446\" srcset=\"https:\/\/fragrancedumonde.com\/wp-content\/uploads\/2024\/06\/eb0a43b4-d25f-48a2-bc83-7d0925828ef0.jpg 750w, https:\/\/fragrancedumonde.com\/wp-content\/uploads\/2024\/06\/eb0a43b4-d25f-48a2-bc83-7d0925828ef0-156x300.jpg 156w, https:\/\/fragrancedumonde.com\/wp-content\/uploads\/2024\/06\/eb0a43b4-d25f-48a2-bc83-7d0925828ef0-531x1024.jpg 531w, https:\/\/fragrancedumonde.com\/wp-content\/uploads\/2024\/06\/eb0a43b4-d25f-48a2-bc83-7d0925828ef0-500x964.jpg 500w\" sizes=\"auto, (max-width: 750px) 100vw, 750px\" \/><img loading=\"lazy\" decoding=\"async\" class=\"wp-image-2080 size-full aligncenter\" src=\"https:\/\/fragrancedumonde.com\/wp-content\/uploads\/2024\/06\/95edfd38-ae42-4c8b-92ae-88f49a6f39a8.jpg\" alt=\"\" width=\"750\" height=\"1338\" srcset=\"https:\/\/fragrancedumonde.com\/wp-content\/uploads\/2024\/06\/95edfd38-ae42-4c8b-92ae-88f49a6f39a8.jpg 750w, https:\/\/fragrancedumonde.com\/wp-content\/uploads\/2024\/06\/95edfd38-ae42-4c8b-92ae-88f49a6f39a8-168x300.jpg 168w, https:\/\/fragrancedumonde.com\/wp-content\/uploads\/2024\/06\/95edfd38-ae42-4c8b-92ae-88f49a6f39a8-574x1024.jpg 574w, https:\/\/fragrancedumonde.com\/wp-content\/uploads\/2024\/06\/95edfd38-ae42-4c8b-92ae-88f49a6f39a8-500x892.jpg 500w\" sizes=\"auto, (max-width: 750px) 100vw, 750px\" \/><\/p>\n<p><img loading=\"lazy\" decoding=\"async\" class=\"wp-image-2081 aligncenter\" src=\"https:\/\/fragrancedumonde.com\/wp-content\/uploads\/2024\/06\/836bc7c7-dd13-41f9-bf77-70046c78fba7.jpg\" alt=\"\" width=\"752\" height=\"501\" srcset=\"https:\/\/fragrancedumonde.com\/wp-content\/uploads\/2024\/06\/836bc7c7-dd13-41f9-bf77-70046c78fba7.jpg 1920w, https:\/\/fragrancedumonde.com\/wp-content\/uploads\/2024\/06\/836bc7c7-dd13-41f9-bf77-70046c78fba7-300x200.jpg 300w, https:\/\/fragrancedumonde.com\/wp-content\/uploads\/2024\/06\/836bc7c7-dd13-41f9-bf77-70046c78fba7-1024x682.jpg 1024w, https:\/\/fragrancedumonde.com\/wp-content\/uploads\/2024\/06\/836bc7c7-dd13-41f9-bf77-70046c78fba7-768x512.jpg 768w, https:\/\/fragrancedumonde.com\/wp-content\/uploads\/2024\/06\/836bc7c7-dd13-41f9-bf77-70046c78fba7-1536x1023.jpg 1536w, https:\/\/fragrancedumonde.com\/wp-content\/uploads\/2024\/06\/836bc7c7-dd13-41f9-bf77-70046c78fba7-500x333.jpg 500w\" sizes=\"auto, (max-width: 752px) 100vw, 752px\" \/><\/p>\n<p><img loading=\"lazy\" decoding=\"async\" class=\"wp-image-2082 aligncenter\" src=\"https:\/\/fragrancedumonde.com\/wp-content\/uploads\/2024\/06\/dc38530e-eb41-415d-b1bf-dcf4eec8f149.jpg\" alt=\"\" width=\"749\" height=\"499\" srcset=\"https:\/\/fragrancedumonde.com\/wp-content\/uploads\/2024\/06\/dc38530e-eb41-415d-b1bf-dcf4eec8f149.jpg 1920w, https:\/\/fragrancedumonde.com\/wp-content\/uploads\/2024\/06\/dc38530e-eb41-415d-b1bf-dcf4eec8f149-300x200.jpg 300w, https:\/\/fragrancedumonde.com\/wp-content\/uploads\/2024\/06\/dc38530e-eb41-415d-b1bf-dcf4eec8f149-1024x682.jpg 1024w, https:\/\/fragrancedumonde.com\/wp-content\/uploads\/2024\/06\/dc38530e-eb41-415d-b1bf-dcf4eec8f149-768x512.jpg 768w, https:\/\/fragrancedumonde.com\/wp-content\/uploads\/2024\/06\/dc38530e-eb41-415d-b1bf-dcf4eec8f149-1536x1023.jpg 1536w, https:\/\/fragrancedumonde.com\/wp-content\/uploads\/2024\/06\/dc38530e-eb41-415d-b1bf-dcf4eec8f149-500x333.jpg 500w\" sizes=\"auto, (max-width: 749px) 100vw, 749px\" \/><\/p>\n<p><img loading=\"lazy\" decoding=\"async\" class=\"wp-image-2083 aligncenter\" src=\"https:\/\/fragrancedumonde.com\/wp-content\/uploads\/2024\/06\/10003.jpg\" alt=\"\" width=\"750\" height=\"893\" srcset=\"https:\/\/fragrancedumonde.com\/wp-content\/uploads\/2024\/06\/10003.jpg 720w, https:\/\/fragrancedumonde.com\/wp-content\/uploads\/2024\/06\/10003-252x300.jpg 252w, https:\/\/fragrancedumonde.com\/wp-content\/uploads\/2024\/06\/10003-500x595.jpg 500w\" sizes=\"auto, (max-width: 750px) 100vw, 750px\" \/><\/p>\n<p><img loading=\"lazy\" decoding=\"async\" class=\"size-full wp-image-2804 aligncenter\" src=\"https:\/\/fragrancedumonde.com\/wp-content\/uploads\/2024\/06\/Detailed-description.jpg\" alt=\"Detailed description\" width=\"750\" height=\"440\" srcset=\"https:\/\/fragrancedumonde.com\/wp-content\/uploads\/2024\/06\/Detailed-description.jpg 750w, https:\/\/fragrancedumonde.com\/wp-content\/uploads\/2024\/06\/Detailed-description-300x176.jpg 300w, https:\/\/fragrancedumonde.com\/wp-content\/uploads\/2024\/06\/Detailed-description-500x293.jpg 500w\" sizes=\"auto, (max-width: 750px) 100vw, 750px\" \/><\/p>\n<\/body>","protected":false},"excerpt":{"rendered":"<p>Key attributes Industry-specific attributes Active ingredient content 15-30% Other attributes Place of Origin China Type Air Fresheners Air Freshener Use Home\/Hotel\/Car Shape Square bottle Feature Sustainable, Stocked Brand Name OEM\/ODM Packaging and delivery Selling Units: Single item Single package size: 13X5X20 cm Single gross weight: 0.390 kg Product Description Product Name Aromatherapy Diffuser Fragrance Pear, [&hellip;]<\/p>","protected":false},"featured_media":2065,"comment_status":"closed","ping_status":"closed","template":"","meta":{"_eb_attr":"","om_disable_all_campaigns":false,"site-sidebar-layout":"default","site-content-layout":"","ast-site-content-layout":"default","site-content-style":"default","site-sidebar-style":"default","ast-global-header-display":"","ast-banner-title-visibility":"","ast-main-header-display":"","ast-hfb-above-header-display":"","ast-hfb-below-header-display":"","ast-hfb-mobile-header-display":"","site-post-title":"","ast-breadcrumbs-content":"","ast-featured-img":"","footer-sml-layout":"","ast-disable-related-posts":"","theme-transparent-header-meta":"default","adv-header-id-meta":"","stick-header-meta":"","header-above-stick-meta":"","header-main-stick-meta":"","header-below-stick-meta":"","astra-migrate-meta-layouts":"set","ast-page-background-enabled":"default","ast-page-background-meta":{"desktop":{"background-color":"","background-image":"","background-repeat":"repeat","background-position":"center center","background-size":"auto","background-attachment":"scroll","background-type":"","background-media":"","overlay-type":"","overlay-color":"","overlay-opacity":"","overlay-gradient":""},"tablet":{"background-color":"","background-image":"","background-repeat":"repeat","background-position":"center center","background-size":"auto","background-attachment":"scroll","background-type":"","background-media":"","overlay-type":"","overlay-color":"","overlay-opacity":"","overlay-gradient":""},"mobile":{"background-color":"","background-image":"","background-repeat":"repeat","background-position":"center center","background-size":"auto","background-attachment":"scroll","background-type":"","background-media":"","overlay-type":"","overlay-color":"","overlay-opacity":"","overlay-gradient":""}},"ast-content-background-meta":{"desktop":{"background-color":"var(--ast-global-color-5)","background-image":"","background-repeat":"repeat","background-position":"center center","background-size":"auto","background-attachment":"scroll","background-type":"","background-media":"","overlay-type":"","overlay-color":"","overlay-opacity":"","overlay-gradient":""},"tablet":{"background-color":"var(--ast-global-color-5)","background-image":"","background-repeat":"repeat","background-position":"center center","background-size":"auto","background-attachment":"scroll","background-type":"","background-media":"","overlay-type":"","overlay-color":"","overlay-opacity":"","overlay-gradient":""},"mobile":{"background-color":"var(--ast-global-color-5)","background-image":"","background-repeat":"repeat","background-position":"center center","background-size":"auto","background-attachment":"scroll","background-type":"","background-media":"","overlay-type":"","overlay-color":"","overlay-opacity":"","overlay-gradient":""}}},"product_brand":[],"product_cat":[15],"product_tag":[26],"class_list":{"0":"post-2064","1":"product","2":"type-product","3":"status-publish","4":"has-post-thumbnail","6":"product_cat-fragrance-reed-diffuser","7":"product_tag-hot","8":"desktop-align-left","9":"tablet-align-left","10":"mobile-align-left","12":"first","13":"instock","14":"shipping-taxable","15":"product-type-simple"},"jetpack_sharing_enabled":true,"_links":{"self":[{"href":"https:\/\/fragrancedumonde.com\/pt\/wp-json\/wp\/v2\/product\/2064","targetHints":{"allow":["GET"]}}],"collection":[{"href":"https:\/\/fragrancedumonde.com\/pt\/wp-json\/wp\/v2\/product"}],"about":[{"href":"https:\/\/fragrancedumonde.com\/pt\/wp-json\/wp\/v2\/types\/product"}],"replies":[{"embeddable":true,"href":"https:\/\/fragrancedumonde.com\/pt\/wp-json\/wp\/v2\/comments?post=2064"}],"wp:featuredmedia":[{"embeddable":true,"href":"https:\/\/fragrancedumonde.com\/pt\/wp-json\/wp\/v2\/media\/2065"}],"wp:attachment":[{"href":"https:\/\/fragrancedumonde.com\/pt\/wp-json\/wp\/v2\/media?parent=2064"}],"wp:term":[{"taxonomy":"product_brand","embeddable":true,"href":"https:\/\/fragrancedumonde.com\/pt\/wp-json\/wp\/v2\/product_brand?post=2064"},{"taxonomy":"product_cat","embeddable":true,"href":"https:\/\/fragrancedumonde.com\/pt\/wp-json\/wp\/v2\/product_cat?post=2064"},{"taxonomy":"product_tag","embeddable":true,"href":"https:\/\/fragrancedumonde.com\/pt\/wp-json\/wp\/v2\/product_tag?post=2064"}],"curies":[{"name":"wp","href":"https:\/\/api.w.org\/{rel}","templated":true}]}}