{"id":2129,"date":"2024-06-16T01:25:58","date_gmt":"2024-06-16T01:25:58","guid":{"rendered":"https:\/\/fragrancedumonde.com\/?post_type=product&#038;p=2129"},"modified":"2024-07-20T00:53:06","modified_gmt":"2024-07-20T00:53:06","slug":"car-diffuser","status":"publish","type":"product","link":"https:\/\/fragrancedumonde.com\/pt\/produto\/car-diffuser\/","title":{"rendered":"Difusor para autom\u00f3vel"},"content":{"rendered":"<body><p><\/p>\n<h4 style=\"text-align: center;\">Principais atributos<\/h4>\n<p style=\"text-align: center;\"><strong>Atributos espec\u00edficos do sector<\/strong><\/p>\n<table class=\"aligncenter\" style=\"border-collapse: collapse; width: 606.77pt;\" border=\"0\" width=\"1618\" cellspacing=\"0\" cellpadding=\"0\">\n<tbody>\n<tr style=\"height: 15.75pt;\">\n<td class=\"et2\" style=\"height: 15.75pt; width: 303.40pt;\" width=\"809\" height=\"42\">Conte\u00fado do ingrediente ativo<\/td>\n<td style=\"width: 303.40pt;\" width=\"809\">15-30%<\/td>\n<\/tr>\n<\/tbody>\n<\/table>\n<p style=\"text-align: center;\"><strong>Outros atributos<\/strong><\/p>\n<table class=\"aligncenter\" style=\"border-collapse: collapse; width: 606.77pt;\" border=\"0\" width=\"1618\" cellspacing=\"0\" cellpadding=\"0\">\n<tbody>\n<tr style=\"height: 15.75pt;\">\n<td style=\"height: 15.75pt; width: 303.40pt;\" width=\"809\" height=\"42\">Local de origem<\/td>\n<td style=\"width: 303.40pt;\" width=\"809\">China<\/td>\n<\/tr>\n<tr style=\"height: 15.75pt;\">\n<td style=\"height: 15.75pt;\" height=\"42\">Tipo<\/td>\n<td>Ambientadores<\/td>\n<\/tr>\n<tr style=\"height: 15.75pt;\">\n<td style=\"height: 15.75pt;\" height=\"42\">Utiliza\u00e7\u00e3o de ambientador<\/td>\n<td>Casa\/Hotel\/Carro\/Escrit\u00f3rio...<\/td>\n<\/tr>\n<tr style=\"height: 15.75pt;\">\n<td style=\"height: 15.75pt;\" height=\"42\">Forma<\/td>\n<td>L\u00edquido<\/td>\n<\/tr>\n<tr style=\"height: 15.75pt;\">\n<td style=\"height: 15.75pt;\" height=\"42\">Carater\u00edstica<\/td>\n<td>Sustent\u00e1vel, armazenado<\/td>\n<\/tr>\n<tr style=\"height: 15.75pt;\">\n<td style=\"height: 15.75pt;\" height=\"42\">Nome da marca<\/td>\n<td>OEM\/ODM<\/td>\n<\/tr>\n<tr style=\"height: 15.75pt;\">\n<td style=\"height: 15.75pt;\" height=\"42\">Fragr\u00e2ncia<\/td>\n<td>Lavanda, P\u00eassego, Osmanthus, Ch\u00e1 Branco, Gard\u00e9nia<\/td>\n<\/tr>\n<tr style=\"height: 15.75pt;\">\n<td style=\"height: 15.75pt;\" height=\"42\">Servi\u00e7o<\/td>\n<td>Logotipo personalizado e embalagem aceit\u00e1veis<\/td>\n<\/tr>\n<\/tbody>\n<\/table>\n<p style=\"text-align: center;\" data-spm-anchor-id=\"a2700.details.0.i70.247d58cdR5hape\"><strong>Embalagem e entrega<\/strong><\/p>\n<table class=\"aligncenter\" style=\"border-collapse: collapse; width: 606.77pt;\" border=\"0\" width=\"1618\" cellspacing=\"0\" cellpadding=\"0\">\n<tbody>\n<tr style=\"height: 15.75pt;\">\n<td style=\"height: 15.75pt; width: 303.40pt;\" width=\"809\" height=\"42\">Unidades de venda:<\/td>\n<td style=\"width: 303.40pt;\" width=\"809\">Artigo \u00fanico<\/td>\n<\/tr>\n<tr style=\"height: 15.75pt;\">\n<td style=\"height: 15.75pt;\" height=\"42\">Tamanho da embalagem individual:<\/td>\n<td>8X8X10 cm<\/td>\n<\/tr>\n<tr style=\"height: 15.75pt;\">\n<td style=\"height: 15.75pt;\" height=\"42\">Peso bruto \u00fanico:<\/td>\n<td>1.000 kg<\/td>\n<\/tr>\n<\/tbody>\n<\/table>\n<p style=\"text-align: center;\"><strong>Prazo de execu\u00e7\u00e3o<\/strong><\/p>\n<table class=\"aligncenter\" style=\"border-collapse: collapse; width: 809px; height: 112px;\" border=\"0\" width=\"2155\" cellspacing=\"0\" cellpadding=\"0\">\n<tbody>\n<tr style=\"height: 15.75pt;\">\n<td class=\"et2\" style=\"height: 15.75pt; width: 303.40pt;\" width=\"809\" height=\"42\">Quantidade (unidades)<\/td>\n<td class=\"et2\" style=\"width: 303.40pt;\" width=\"809\">1 - 10000<\/td>\n<td class=\"et2\" style=\"width: 201.40pt;\" width=\"537\">&gt; 10000<\/td>\n<\/tr>\n<tr style=\"height: 15.75pt;\">\n<td class=\"et2\" style=\"height: 15.75pt;\" height=\"42\">Prazo de execu\u00e7\u00e3o (dias)<\/td>\n<td class=\"et2\">15<\/td>\n<td class=\"et2\">A ser negociado<\/td>\n<\/tr>\n<\/tbody>\n<\/table>\n<p style=\"text-align: center;\"><strong>Descri\u00e7\u00e3o do produto<\/strong><\/p>\n<p>\u00a0<\/p>\n<table class=\"aligncenter\" style=\"border-collapse: collapse; width: 606.77pt;\" border=\"0\" width=\"1618\" cellspacing=\"0\" cellpadding=\"0\">\n<tbody>\n<tr style=\"height: 15.75pt;\">\n<td class=\"et2\" style=\"height: 15.75pt; width: 303.40pt;\" width=\"809\" height=\"42\"><span class=\"font1\">Nome do produto<\/span><\/td>\n<td class=\"et2\" style=\"width: 303.40pt;\" width=\"809\"><span class=\"font1\">Difusor de aromaterapia<\/span><\/td>\n<\/tr>\n<tr style=\"height: 26.25pt;\">\n<td class=\"et2\" style=\"height: 26.25pt; width: 303.40pt;\" width=\"809\" height=\"70\"><span class=\"font1\">Fragr\u00e2ncia<\/span><\/td>\n<td class=\"et2\" style=\"width: 303.40pt;\" width=\"809\"><span class=\"font1\">Lavanda, P\u00eassego, Osmanthus, Ch\u00e1 Branco, Gard\u00e9nia, Flor de Campainha Azul...<\/span><\/td>\n<\/tr>\n<tr style=\"height: 15.75pt;\">\n<td class=\"et2\" style=\"height: 15.75pt; width: 303.40pt;\" width=\"809\" height=\"42\"><span class=\"font1\">Utiliza\u00e7\u00e3o de ambientador<\/span><\/td>\n<td class=\"et2\" style=\"width: 303.40pt;\" width=\"809\"><span class=\"font1\">Casa\/Hotel\/Escrit\u00f3rio\/Carro...<\/span><\/td>\n<\/tr>\n<tr style=\"height: 15.75pt;\">\n<td class=\"et2\" style=\"height: 15.75pt; width: 303.40pt;\" width=\"809\" height=\"42\"><span class=\"font1\">Forma<\/span><\/td>\n<td class=\"et2\" style=\"width: 303.40pt;\" width=\"809\"><span class=\"font1\">L\u00edquido<\/span><\/td>\n<\/tr>\n<tr style=\"height: 15.75pt;\">\n<td class=\"et2\" style=\"height: 15.75pt; width: 303.40pt;\" width=\"809\" height=\"42\"><span class=\"font1\">Carater\u00edstica<\/span><\/td>\n<td class=\"et2\" style=\"width: 303.40pt;\" width=\"809\"><span class=\"font1\">Sustent\u00e1vel, armazenado<\/span><\/td>\n<\/tr>\n<tr style=\"height: 15.75pt;\">\n<td class=\"et2\" style=\"height: 15.75pt; width: 303.40pt;\" width=\"809\" height=\"42\"><span class=\"font1\">Local de origem<\/span><\/td>\n<td class=\"et2\" style=\"width: 303.40pt;\" width=\"809\"><span class=\"font1\">China<\/span><\/td>\n<\/tr>\n<tr style=\"height: 15.75pt;\">\n<td class=\"et2\" style=\"height: 15.75pt; width: 303.40pt;\" width=\"809\" height=\"42\"><span class=\"font1\">Nome da marca<\/span><\/td>\n<td class=\"et2\" style=\"width: 303.40pt;\" width=\"809\"><span class=\"font1\">OEM&amp;ODM<\/span><\/td>\n<\/tr>\n<\/tbody>\n<\/table>\n<p style=\"text-align: center;\"><strong>Difusor de aromaterapia:<\/strong><\/p>\n<p style=\"text-align: center;\">Sem formalde\u00eddo;<br>\nSeguran\u00e7a e sa\u00fade, a SGS garante a seguran\u00e7a da inala\u00e7\u00e3o;<br>\nSem metais pesados;<br>\nMuitas fragr\u00e2ncias populares \u00e0 sua escolha. Aceitam-se OEM&amp;ODM.<br>\nV\u00e1rios aromas dispon\u00edveis. Se precisar de mais aromas, contacte as nossas vendas. \ud83d\ude42<\/p>\n<p><img loading=\"lazy\" decoding=\"async\" class=\"size-full wp-image-2804 aligncenter\" src=\"https:\/\/fragrancedumonde.com\/wp-content\/uploads\/2024\/06\/Detailed-description.jpg\" alt=\"Detailed description\" width=\"750\" height=\"440\" srcset=\"https:\/\/fragrancedumonde.com\/wp-content\/uploads\/2024\/06\/Detailed-description.jpg 750w, https:\/\/fragrancedumonde.com\/wp-content\/uploads\/2024\/06\/Detailed-description-300x176.jpg 300w, https:\/\/fragrancedumonde.com\/wp-content\/uploads\/2024\/06\/Detailed-description-500x293.jpg 500w\" sizes=\"auto, (max-width: 750px) 100vw, 750px\" \/><\/p>\n<\/body>","protected":false},"excerpt":{"rendered":"<p>Key attributes Industry-specific attributes Active ingredient content 15-30% Other attributes Place of Origin China Type Air Fresheners Air Freshener Use Home\/Hotel\/Car\/Office\u2026 Shape Liquid Feature Sustainable, Stocked Brand Name OEM\/ODM Fragrance Lavender,Peach, Osmanthus, White Tea, Gardenia Service Custom Logo&amp;package acceptable Packaging and delivery Selling Units: Single item Single package size: 8X8X10 cm Single gross weight: 1.000 [&hellip;]<\/p>","protected":false},"featured_media":2531,"comment_status":"closed","ping_status":"closed","template":"","meta":{"_eb_attr":"","om_disable_all_campaigns":false,"site-sidebar-layout":"default","site-content-layout":"","ast-site-content-layout":"default","site-content-style":"default","site-sidebar-style":"default","ast-global-header-display":"","ast-banner-title-visibility":"","ast-main-header-display":"","ast-hfb-above-header-display":"","ast-hfb-below-header-display":"","ast-hfb-mobile-header-display":"","site-post-title":"","ast-breadcrumbs-content":"","ast-featured-img":"","footer-sml-layout":"","ast-disable-related-posts":"","theme-transparent-header-meta":"default","adv-header-id-meta":"","stick-header-meta":"","header-above-stick-meta":"","header-main-stick-meta":"","header-below-stick-meta":"","astra-migrate-meta-layouts":"set","ast-page-background-enabled":"default","ast-page-background-meta":{"desktop":{"background-color":"","background-image":"","background-repeat":"repeat","background-position":"center center","background-size":"auto","background-attachment":"scroll","background-type":"","background-media":"","overlay-type":"","overlay-color":"","overlay-opacity":"","overlay-gradient":""},"tablet":{"background-color":"","background-image":"","background-repeat":"repeat","background-position":"center center","background-size":"auto","background-attachment":"scroll","background-type":"","background-media":"","overlay-type":"","overlay-color":"","overlay-opacity":"","overlay-gradient":""},"mobile":{"background-color":"","background-image":"","background-repeat":"repeat","background-position":"center center","background-size":"auto","background-attachment":"scroll","background-type":"","background-media":"","overlay-type":"","overlay-color":"","overlay-opacity":"","overlay-gradient":""}},"ast-content-background-meta":{"desktop":{"background-color":"var(--ast-global-color-5)","background-image":"","background-repeat":"repeat","background-position":"center center","background-size":"auto","background-attachment":"scroll","background-type":"","background-media":"","overlay-type":"","overlay-color":"","overlay-opacity":"","overlay-gradient":""},"tablet":{"background-color":"var(--ast-global-color-5)","background-image":"","background-repeat":"repeat","background-position":"center center","background-size":"auto","background-attachment":"scroll","background-type":"","background-media":"","overlay-type":"","overlay-color":"","overlay-opacity":"","overlay-gradient":""},"mobile":{"background-color":"var(--ast-global-color-5)","background-image":"","background-repeat":"repeat","background-position":"center center","background-size":"auto","background-attachment":"scroll","background-type":"","background-media":"","overlay-type":"","overlay-color":"","overlay-opacity":"","overlay-gradient":""}}},"product_brand":[],"product_cat":[22],"product_tag":[26],"class_list":{"0":"post-2129","1":"product","2":"type-product","3":"status-publish","4":"has-post-thumbnail","6":"product_cat-car-diffuser","7":"product_tag-hot","8":"desktop-align-left","9":"tablet-align-left","10":"mobile-align-left","12":"first","13":"instock","14":"shipping-taxable","15":"product-type-simple"},"jetpack_sharing_enabled":true,"_links":{"self":[{"href":"https:\/\/fragrancedumonde.com\/pt\/wp-json\/wp\/v2\/product\/2129","targetHints":{"allow":["GET"]}}],"collection":[{"href":"https:\/\/fragrancedumonde.com\/pt\/wp-json\/wp\/v2\/product"}],"about":[{"href":"https:\/\/fragrancedumonde.com\/pt\/wp-json\/wp\/v2\/types\/product"}],"replies":[{"embeddable":true,"href":"https:\/\/fragrancedumonde.com\/pt\/wp-json\/wp\/v2\/comments?post=2129"}],"wp:featuredmedia":[{"embeddable":true,"href":"https:\/\/fragrancedumonde.com\/pt\/wp-json\/wp\/v2\/media\/2531"}],"wp:attachment":[{"href":"https:\/\/fragrancedumonde.com\/pt\/wp-json\/wp\/v2\/media?parent=2129"}],"wp:term":[{"taxonomy":"product_brand","embeddable":true,"href":"https:\/\/fragrancedumonde.com\/pt\/wp-json\/wp\/v2\/product_brand?post=2129"},{"taxonomy":"product_cat","embeddable":true,"href":"https:\/\/fragrancedumonde.com\/pt\/wp-json\/wp\/v2\/product_cat?post=2129"},{"taxonomy":"product_tag","embeddable":true,"href":"https:\/\/fragrancedumonde.com\/pt\/wp-json\/wp\/v2\/product_tag?post=2129"}],"curies":[{"name":"wp","href":"https:\/\/api.w.org\/{rel}","templated":true}]}}